{"id":3485,"date":"2025-11-03T15:11:56","date_gmt":"2025-11-03T12:11:56","guid":{"rendered":"https:\/\/goldberg.lv\/shop\/7501-brush-tips-regular-100s\/"},"modified":"2026-04-15T17:50:30","modified_gmt":"2026-04-15T14:50:30","slug":"7501-brush-tips-regular-100s","status":"publish","type":"product","link":"https:\/\/goldberg.lv\/lv\/shop\/7501-brush-tips-regular-100s\/","title":{"rendered":"7501 Brush Tips Regular 100s"},"content":{"rendered":"<h3>Suku padomi<\/h3>\n<ul>\n<li>Ide\u0101li piem\u0113rots kodin\u0101t\u0101ju, saistvielu, herm\u0113ti\u0137u, herm\u0113ti\u0137u un cementu u. c. izvieto\u0161anai.<\/li>\n<li>Var izmantot ar <a href=\"https:\/\/premiumplusuk.com\/product\/7502-autoclavable-brush-handles\/\">7502<\/a> autokl\u0101v\u0113jams birstes rokturis<\/li>\n<\/ul>\n<p><strong>Pieejams:<\/strong><\/p>\n<ul>\n<li>7501 Parastas (dia. 3,1 mm) 100 gab.\/kast\u0113<\/li>\n<li>7511 Mini (dia. 3,1 mm) 100 gab.\/kast\u0113<\/li>\n<li>Regul\u0101rais garums: 24 mm<\/li>\n<li>Mini garums: 20 mm<\/li>\n<\/ul>\n<p><strong>Autokl\u0101v\u0113jams birstes rokturis nop\u0113rkams atsevi\u0161\u0137i<\/strong><\/p>","protected":false},"excerpt":{"rendered":"<p>Brush Tips Perfect for placement of etchants, bonding agents, sealers and cements etc Can be used with 7502 autoclavable brush<\/p>","protected":false},"featured_media":4996,"template":"","meta":[],"product_brand":[96],"product_cat":[59],"product_tag":[],"class_list":{"0":"post-3485","1":"product","2":"type-product","3":"status-publish","4":"has-post-thumbnail","6":"product_brand-premium-plus-poland","7":"product_cat-premium-plus-poland","9":"first","10":"outofstock","11":"shipping-taxable","12":"purchasable","13":"product-type-simple"},"_links":{"self":[{"href":"https:\/\/goldberg.lv\/lv\/wp-json\/wp\/v2\/product\/3485","targetHints":{"allow":["GET"]}}],"collection":[{"href":"https:\/\/goldberg.lv\/lv\/wp-json\/wp\/v2\/product"}],"about":[{"href":"https:\/\/goldberg.lv\/lv\/wp-json\/wp\/v2\/types\/product"}],"wp:featuredmedia":[{"embeddable":true,"href":"https:\/\/goldberg.lv\/lv\/wp-json\/wp\/v2\/media\/4996"}],"wp:attachment":[{"href":"https:\/\/goldberg.lv\/lv\/wp-json\/wp\/v2\/media?parent=3485"}],"wp:term":[{"taxonomy":"product_brand","embeddable":true,"href":"https:\/\/goldberg.lv\/lv\/wp-json\/wp\/v2\/product_brand?post=3485"},{"taxonomy":"product_cat","embeddable":true,"href":"https:\/\/goldberg.lv\/lv\/wp-json\/wp\/v2\/product_cat?post=3485"},{"taxonomy":"product_tag","embeddable":true,"href":"https:\/\/goldberg.lv\/lv\/wp-json\/wp\/v2\/product_tag?post=3485"}],"curies":[{"name":"wp","href":"https:\/\/api.w.org\/{rel}","templated":true}]}}