{"id":3482,"date":"2025-11-03T15:11:53","date_gmt":"2025-11-03T12:11:53","guid":{"rendered":"https:\/\/goldberg.lv\/shop\/651-autoclavable-divided-tray\/"},"modified":"2026-04-15T17:50:28","modified_gmt":"2026-04-15T14:50:28","slug":"651-autoclavable-divided-tray","status":"publish","type":"product","link":"https:\/\/goldberg.lv\/lv\/shop\/651-autoclavable-divided-tray\/","title":{"rendered":"651 AUTOKL\u0100VA dal\u0101m\u0101 papl\u0101te"},"content":{"rendered":"<h3>Autokl\u0101v\u0113jamas plastmasas papl\u0101tes<\/h3>\n<ul>\n<li>Autokl\u0101v\u0113jams l\u012bdz 134\u00baC<\/li>\n<li>Amerik\u0101\u0146u stila dal\u012btas \u201cB\u201d tipa plastmasas papl\u0101tes<\/li>\n<li>Izm\u0113rs: 34cm x 24cm x 2cm<\/li>\n<li><a href=\"https:\/\/premiumplusuk.com\/product\/658-659-instrument-tray-racks\/\">Sader\u012bgs papl\u0101tes stat\u012bvs: 658<\/a><\/li>\n<\/ul>\n<p><strong>Pieejams:\u00a0<\/strong><\/p>\n<ul>\n<li>Gai\u0161i zila, tum\u0161\u0101k zila, lavandas, balta, dzeltena un za\u013ca kr\u0101sa.<\/li>\n<\/ul>","protected":false},"excerpt":{"rendered":"<p>Autoclavable Plastic Trays Autoclavable up to 134\u00baC American-style divided \u201cB\u201d type plastic trays Size: 34cm x 24cm x 2cm Compatible<\/p>","protected":false},"featured_media":4994,"template":"","meta":[],"product_brand":[96],"product_cat":[59],"product_tag":[],"class_list":{"0":"post-3482","1":"product","2":"type-product","3":"status-publish","4":"has-post-thumbnail","6":"product_brand-premium-plus-poland","7":"product_cat-premium-plus-poland","9":"first","10":"outofstock","11":"shipping-taxable","12":"purchasable","13":"product-type-simple"},"_links":{"self":[{"href":"https:\/\/goldberg.lv\/lv\/wp-json\/wp\/v2\/product\/3482","targetHints":{"allow":["GET"]}}],"collection":[{"href":"https:\/\/goldberg.lv\/lv\/wp-json\/wp\/v2\/product"}],"about":[{"href":"https:\/\/goldberg.lv\/lv\/wp-json\/wp\/v2\/types\/product"}],"wp:featuredmedia":[{"embeddable":true,"href":"https:\/\/goldberg.lv\/lv\/wp-json\/wp\/v2\/media\/4994"}],"wp:attachment":[{"href":"https:\/\/goldberg.lv\/lv\/wp-json\/wp\/v2\/media?parent=3482"}],"wp:term":[{"taxonomy":"product_brand","embeddable":true,"href":"https:\/\/goldberg.lv\/lv\/wp-json\/wp\/v2\/product_brand?post=3482"},{"taxonomy":"product_cat","embeddable":true,"href":"https:\/\/goldberg.lv\/lv\/wp-json\/wp\/v2\/product_cat?post=3482"},{"taxonomy":"product_tag","embeddable":true,"href":"https:\/\/goldberg.lv\/lv\/wp-json\/wp\/v2\/product_tag?post=3482"}],"curies":[{"name":"wp","href":"https:\/\/api.w.org\/{rel}","templated":true}]}}