{"id":3478,"date":"2025-11-03T15:11:48","date_gmt":"2025-11-03T12:11:48","guid":{"rendered":"https:\/\/goldberg.lv\/shop\/sensor-holders-bitewing-red-100s\/"},"modified":"2026-04-15T16:21:36","modified_gmt":"2026-04-15T13:21:36","slug":"sensor-holders-bitewing-red-100s","status":"publish","type":"product","link":"https:\/\/goldberg.lv\/lv\/shop\/sensor-holders-bitewing-red-100s\/","title":{"rendered":"Sensor Holders Bitewing Red 100s"},"content":{"rendered":"<h4>Vienreizlietojamie Peel-n-Stick sensoru tur\u0113t\u0101ji<\/h4>\n<ul>\n<li>\u0112rts vienreiz\u0113jas lieto\u0161anas, no\u0146emams un piel\u012bm\u0113jams l\u012bm\u0113jo\u0161ais sensora tur\u0113t\u0101js ir paredz\u0113ts \u0113rtai lieto\u0161anai, nodro\u0161inot \u0101tru un dro\u0161u ievieto\u0161anu.<\/li>\n<li>T\u0101 vienreizlietojamais raksturs veicina higi\u0113nu, vienlaikus nodro\u0161inot liel\u0101ku komfortu un efektivit\u0101ti proced\u016bru laik\u0101.<\/li>\n<li>Univers\u0101ls stiprin\u0101jums<\/li>\n<\/ul>\n<p><strong>Pieejams:<\/strong><\/p>\n<ul>\n<li>4001 Anterior Blue - 100 gab. iepakojum\u0101<\/li>\n<li>4003 Aizmugur\u0113jais dzeltens - 100 gab. iepakojum\u0101<\/li>\n<li>4007 Endo Green - 100 gab. iepakojum\u0101<\/li>\n<li>4009 Bite Tab Red - 50 gab. iepakojum\u0101<\/li>\n<li>4005 Bitewing Red - 100 gab. iepakojum\u0101<\/li>\n<\/ul>","protected":false},"excerpt":{"rendered":"<p>Disposable Peel-n-Stick Sensor Holders Convenient single-use, peel-and-stick adhesive sensor holder is designed for ease of use, ensuring quick and secure<\/p>","protected":false},"featured_media":4991,"template":"","meta":[],"product_brand":[96],"product_cat":[59],"product_tag":[],"class_list":{"0":"post-3478","1":"product","2":"type-product","3":"status-publish","4":"has-post-thumbnail","6":"product_brand-premium-plus-poland","7":"product_cat-premium-plus-poland","9":"first","10":"instock","11":"shipping-taxable","12":"purchasable","13":"product-type-simple"},"_links":{"self":[{"href":"https:\/\/goldberg.lv\/lv\/wp-json\/wp\/v2\/product\/3478","targetHints":{"allow":["GET"]}}],"collection":[{"href":"https:\/\/goldberg.lv\/lv\/wp-json\/wp\/v2\/product"}],"about":[{"href":"https:\/\/goldberg.lv\/lv\/wp-json\/wp\/v2\/types\/product"}],"wp:featuredmedia":[{"embeddable":true,"href":"https:\/\/goldberg.lv\/lv\/wp-json\/wp\/v2\/media\/4991"}],"wp:attachment":[{"href":"https:\/\/goldberg.lv\/lv\/wp-json\/wp\/v2\/media?parent=3478"}],"wp:term":[{"taxonomy":"product_brand","embeddable":true,"href":"https:\/\/goldberg.lv\/lv\/wp-json\/wp\/v2\/product_brand?post=3478"},{"taxonomy":"product_cat","embeddable":true,"href":"https:\/\/goldberg.lv\/lv\/wp-json\/wp\/v2\/product_cat?post=3478"},{"taxonomy":"product_tag","embeddable":true,"href":"https:\/\/goldberg.lv\/lv\/wp-json\/wp\/v2\/product_tag?post=3478"}],"curies":[{"name":"wp","href":"https:\/\/api.w.org\/{rel}","templated":true}]}}