{"id":3472,"date":"2025-11-03T15:11:42","date_gmt":"2025-11-03T12:11:42","guid":{"rendered":"https:\/\/goldberg.lv\/shop\/306-suction-tube-adaptor-11mm\/"},"modified":"2026-04-15T16:21:33","modified_gmt":"2026-04-15T13:21:33","slug":"306-suction-tube-adaptor-11mm","status":"publish","type":"product","link":"https:\/\/goldberg.lv\/lv\/shop\/306-suction-tube-adaptor-11mm\/","title":{"rendered":"306 Pies\u016bc\u0113jcaurules adapteris 11 mm"},"content":{"rendered":"<h3>Plastmasas ies\u016bc\u0113jcaurules adapteri<\/h3>\n<ul>\n<li>Piln\u012bb\u0101 autokl\u0101v\u0113jams l\u012bdz 134\u00b0C temperat\u016br\u0101<\/li>\n<li>Nesatur ftal\u0101tus<\/li>\n<\/ul>\n<p><strong>Pieejams:<\/strong><\/p>\n<ul>\n<li>305 Eiropas s\u016bk\u0161anas caurules adapteris - Samazina 16 mm uz 11 mm<\/li>\n<li>306 Standarta siekalu izs\u016bc\u0113ja adapteris - Samazina 11 mm l\u012bdz 6,5 mm.<\/li>\n<\/ul>","protected":false},"excerpt":{"rendered":"<p>Plastic Suction Tube\u00a0Adaptors Fully autoclavable up to 134\u00b0C Phthalate free Available in: 305 European suction tube adaptor \u2013 Reduces 16mm<\/p>","protected":false},"featured_media":4987,"template":"","meta":[],"product_brand":[96],"product_cat":[59],"product_tag":[],"class_list":{"0":"post-3472","1":"product","2":"type-product","3":"status-publish","4":"has-post-thumbnail","6":"product_brand-premium-plus-poland","7":"product_cat-premium-plus-poland","9":"first","10":"instock","11":"shipping-taxable","12":"purchasable","13":"product-type-simple"},"_links":{"self":[{"href":"https:\/\/goldberg.lv\/lv\/wp-json\/wp\/v2\/product\/3472","targetHints":{"allow":["GET"]}}],"collection":[{"href":"https:\/\/goldberg.lv\/lv\/wp-json\/wp\/v2\/product"}],"about":[{"href":"https:\/\/goldberg.lv\/lv\/wp-json\/wp\/v2\/types\/product"}],"wp:featuredmedia":[{"embeddable":true,"href":"https:\/\/goldberg.lv\/lv\/wp-json\/wp\/v2\/media\/4987"}],"wp:attachment":[{"href":"https:\/\/goldberg.lv\/lv\/wp-json\/wp\/v2\/media?parent=3472"}],"wp:term":[{"taxonomy":"product_brand","embeddable":true,"href":"https:\/\/goldberg.lv\/lv\/wp-json\/wp\/v2\/product_brand?post=3472"},{"taxonomy":"product_cat","embeddable":true,"href":"https:\/\/goldberg.lv\/lv\/wp-json\/wp\/v2\/product_cat?post=3472"},{"taxonomy":"product_tag","embeddable":true,"href":"https:\/\/goldberg.lv\/lv\/wp-json\/wp\/v2\/product_tag?post=3472"}],"curies":[{"name":"wp","href":"https:\/\/api.w.org\/{rel}","templated":true}]}}