{"id":3467,"date":"2025-11-03T15:11:37","date_gmt":"2025-11-03T12:11:37","guid":{"rendered":"https:\/\/goldberg.lv\/shop\/2209-napkin-holders\/"},"modified":"2026-04-15T16:21:30","modified_gmt":"2026-04-15T13:21:30","slug":"2209-napkin-holders","status":"publish","type":"product","link":"https:\/\/goldberg.lv\/lv\/shop\/2209-napkin-holders\/","title":{"rendered":"2209 Salve\u0161u tur\u0113t\u0101ji"},"content":{"rendered":"<h3>Vienreizlietojamie salve\u0161u tur\u0113t\u0101ji<\/h3>\n<ul>\n<li>Viegli no\u0146emt l\u012bmlentes, kas paredz\u0113tas piestiprin\u0101\u0161anai pie kr\u016b\u0161da\u013ci\u0146iem<\/li>\n<li>Izvelciet, lai pagarin\u0101tu l\u012bdz 60 cm<\/li>\n<li>Viegli lietojams<\/li>\n<li>Piln\u012bb\u0101 vienreiz\u0113j\u0101s lieto\u0161anas<\/li>\n<li>Izm\u0113rs: Platums 1,5 cm x garums 44 cm.<\/li>\n<li>100 gab. iepakojum\u0101<\/li>\n<li>Preces kods: ONE2209<\/li>\n<\/ul>","protected":false},"excerpt":{"rendered":"<p>Disposable Napkin Holders Easy to peel adhesive tabs for attaching to bibs Pull to extend up to 60cm Easy to<\/p>","protected":false},"featured_media":4984,"template":"","meta":[],"product_brand":[96],"product_cat":[59],"product_tag":[],"class_list":{"0":"post-3467","1":"product","2":"type-product","3":"status-publish","4":"has-post-thumbnail","6":"product_brand-premium-plus-poland","7":"product_cat-premium-plus-poland","9":"first","10":"instock","11":"shipping-taxable","12":"purchasable","13":"product-type-simple"},"_links":{"self":[{"href":"https:\/\/goldberg.lv\/lv\/wp-json\/wp\/v2\/product\/3467","targetHints":{"allow":["GET"]}}],"collection":[{"href":"https:\/\/goldberg.lv\/lv\/wp-json\/wp\/v2\/product"}],"about":[{"href":"https:\/\/goldberg.lv\/lv\/wp-json\/wp\/v2\/types\/product"}],"wp:featuredmedia":[{"embeddable":true,"href":"https:\/\/goldberg.lv\/lv\/wp-json\/wp\/v2\/media\/4984"}],"wp:attachment":[{"href":"https:\/\/goldberg.lv\/lv\/wp-json\/wp\/v2\/media?parent=3467"}],"wp:term":[{"taxonomy":"product_brand","embeddable":true,"href":"https:\/\/goldberg.lv\/lv\/wp-json\/wp\/v2\/product_brand?post=3467"},{"taxonomy":"product_cat","embeddable":true,"href":"https:\/\/goldberg.lv\/lv\/wp-json\/wp\/v2\/product_cat?post=3467"},{"taxonomy":"product_tag","embeddable":true,"href":"https:\/\/goldberg.lv\/lv\/wp-json\/wp\/v2\/product_tag?post=3467"}],"curies":[{"name":"wp","href":"https:\/\/api.w.org\/{rel}","templated":true}]}}