{"id":3453,"date":"2025-11-03T15:11:22","date_gmt":"2025-11-03T12:11:22","guid":{"rendered":"https:\/\/goldberg.lv\/shop\/9901t-micro-applicators-mini-tube-100s\/"},"modified":"2026-02-18T01:26:43","modified_gmt":"2026-02-17T22:26:43","slug":"9901t-micro-applicators-mini-tube-100s","status":"publish","type":"product","link":"https:\/\/goldberg.lv\/lv\/shop\/9901t-micro-applicators-mini-tube-100s\/","title":{"rendered":"9901T Micro Applicators Mini Tube 100s"},"content":{"rendered":"<h3>Mikro aplikatoru t\u016bbi\u0146u iepakojumi<\/h3>\n<ul>\n<li>Ekonomisks un vienreizlietojams, ietaupot l\u012bdz 80%, samazinot lieko izmantoto materi\u0101lu daudzumu.<\/li>\n<li>Izliekas jebkur\u0101 le\u0146\u0137\u012b, lai ierobe\u017eotas piek\u013cuves zon\u0101s var\u0113tu izvietot nelielu kontrol\u0113tu materi\u0101lu daudzumu.<\/li>\n<li>T\u016bbi\u0146u iepakojums ar 400 gab.<\/li>\n<\/ul>","protected":false},"excerpt":{"rendered":"<p>Micro Applicators Tube Packs Economical and disposable, saving up to 80% by reduction of excess materials used Bends into any<\/p>","protected":false},"featured_media":4970,"template":"","meta":[],"product_brand":[96],"product_cat":[59],"product_tag":[],"class_list":{"0":"post-3453","1":"product","2":"type-product","3":"status-publish","4":"has-post-thumbnail","6":"product_brand-premium-plus-poland","7":"product_cat-premium-plus-poland","9":"first","10":"instock","11":"shipping-taxable","12":"purchasable","13":"product-type-simple"},"_links":{"self":[{"href":"https:\/\/goldberg.lv\/lv\/wp-json\/wp\/v2\/product\/3453","targetHints":{"allow":["GET"]}}],"collection":[{"href":"https:\/\/goldberg.lv\/lv\/wp-json\/wp\/v2\/product"}],"about":[{"href":"https:\/\/goldberg.lv\/lv\/wp-json\/wp\/v2\/types\/product"}],"wp:featuredmedia":[{"embeddable":true,"href":"https:\/\/goldberg.lv\/lv\/wp-json\/wp\/v2\/media\/4970"}],"wp:attachment":[{"href":"https:\/\/goldberg.lv\/lv\/wp-json\/wp\/v2\/media?parent=3453"}],"wp:term":[{"taxonomy":"product_brand","embeddable":true,"href":"https:\/\/goldberg.lv\/lv\/wp-json\/wp\/v2\/product_brand?post=3453"},{"taxonomy":"product_cat","embeddable":true,"href":"https:\/\/goldberg.lv\/lv\/wp-json\/wp\/v2\/product_cat?post=3453"},{"taxonomy":"product_tag","embeddable":true,"href":"https:\/\/goldberg.lv\/lv\/wp-json\/wp\/v2\/product_tag?post=3453"}],"curies":[{"name":"wp","href":"https:\/\/api.w.org\/{rel}","templated":true}]}}