{"id":3442,"date":"2025-11-03T15:11:09","date_gmt":"2025-11-03T12:11:09","guid":{"rendered":"https:\/\/goldberg.lv\/shop\/1118-stainless-steel-wire-brush\/"},"modified":"2026-02-18T01:05:34","modified_gmt":"2026-02-17T22:05:34","slug":"1118-stainless-steel-wire-brush","status":"publish","type":"product","link":"https:\/\/goldberg.lv\/lv\/shop\/1118-stainless-steel-wire-brush\/","title":{"rendered":"1118 Ner\u016bs\u0113jo\u0161\u0101 t\u0113rauda stiep\u013cu birste"},"content":{"rendered":"<p><span style=\"color: #1b1919;font-size: 22px\">Stiep\u013cu birstes<\/span><\/p>\n<ul>\n<li>Autokl\u0101v\u0113jams l\u012bdz 134\u00b0C<\/li>\n<li>Stiep\u013cu birstes no\u0146em \u012bpa\u0161i gr\u016bti t\u012br\u0101mus traipus no \u0161aur\u0101kaj\u0101m viet\u0101m.<\/li>\n<li>Nesl\u012bdo\u0161s rokturis<\/li>\n<\/ul>\n<p><strong>Pieejams:<\/strong><\/p>\n<ul>\n<li>Ner\u016bs\u0113jo\u0161ais t\u0113rauds vai misi\u0146\u0161<\/li>\n<\/ul>","protected":false},"excerpt":{"rendered":"<p>Wire Brushes Autoclavable up to 134\u00b0C Wire brushes remove extra stubborn stains from the tightest of spaces Non-slip handle Available<\/p>","protected":false},"featured_media":4960,"template":"","meta":[],"product_brand":[96],"product_cat":[59],"product_tag":[],"class_list":{"0":"post-3442","1":"product","2":"type-product","3":"status-publish","4":"has-post-thumbnail","6":"product_brand-premium-plus-poland","7":"product_cat-premium-plus-poland","9":"first","10":"instock","11":"shipping-taxable","12":"purchasable","13":"product-type-simple"},"_links":{"self":[{"href":"https:\/\/goldberg.lv\/lv\/wp-json\/wp\/v2\/product\/3442","targetHints":{"allow":["GET"]}}],"collection":[{"href":"https:\/\/goldberg.lv\/lv\/wp-json\/wp\/v2\/product"}],"about":[{"href":"https:\/\/goldberg.lv\/lv\/wp-json\/wp\/v2\/types\/product"}],"wp:featuredmedia":[{"embeddable":true,"href":"https:\/\/goldberg.lv\/lv\/wp-json\/wp\/v2\/media\/4960"}],"wp:attachment":[{"href":"https:\/\/goldberg.lv\/lv\/wp-json\/wp\/v2\/media?parent=3442"}],"wp:term":[{"taxonomy":"product_brand","embeddable":true,"href":"https:\/\/goldberg.lv\/lv\/wp-json\/wp\/v2\/product_brand?post=3442"},{"taxonomy":"product_cat","embeddable":true,"href":"https:\/\/goldberg.lv\/lv\/wp-json\/wp\/v2\/product_cat?post=3442"},{"taxonomy":"product_tag","embeddable":true,"href":"https:\/\/goldberg.lv\/lv\/wp-json\/wp\/v2\/product_tag?post=3442"}],"curies":[{"name":"wp","href":"https:\/\/api.w.org\/{rel}","templated":true}]}}