{"id":3438,"date":"2025-11-03T15:11:04","date_gmt":"2025-11-03T12:11:04","guid":{"rendered":"https:\/\/goldberg.lv\/shop\/090-napkin-holder-adult-white\/"},"modified":"2026-04-15T17:50:15","modified_gmt":"2026-04-15T14:50:15","slug":"090-napkin-holder-adult-white","status":"publish","type":"product","link":"https:\/\/goldberg.lv\/lv\/shop\/090-napkin-holder-adult-white\/","title":{"rendered":"090 Napkin Holder Adult White"},"content":{"rendered":"<h3>Autokl\u0101v\u0113jami salve\u0161u tur\u0113t\u0101ji<\/h3>\n<ul>\n<li>Ner\u016bs\u0113jo\u0161\u0101 t\u0113rauda aligatora spailes<\/li>\n<li>Nesl\u012bdo\u0161s dizains<\/li>\n<li>Spilgtas, pievilc\u012bgas kr\u0101sas<\/li>\n<li>Medic\u012bnisk\u0101s kvalit\u0101tes silikons<\/li>\n<li>Piln\u012bb\u0101 autokl\u0101v\u0113jams l\u012bdz 134\u00b0C temperat\u016br\u0101<\/li>\n<\/ul>\n<p><strong>Pieejams:<\/strong><\/p>\n<ul>\n<li>090 - Pieaugu\u0161ajiem - L47cm - Gai\u0161i zila, zila, za\u013ca, sarkana, dzeltena, balta, roz\u0101 un lavandas kr\u0101sa<\/li>\n<li>090C - B\u0113rns - L41cm - Gai\u0161i zila, zila, lavandas un roz\u0101 kr\u0101sa<\/li>\n<li>090XS - \u012apa\u0161i \u012bss (kakla formas kr\u016b\u0161da\u013cai) - L37cm - Zila kr\u0101sa<\/li>\n<\/ul>","protected":false},"excerpt":{"rendered":"<p>Autoclavable Napkin Holders Stainless steel alligator clips Non-slip design Bright, attractive colours Medical-grade silicone Fully autoclavable up to 134\u00b0C Available<\/p>","protected":false},"featured_media":4956,"template":"","meta":[],"product_brand":[96],"product_cat":[59],"product_tag":[],"class_list":{"0":"post-3438","1":"product","2":"type-product","3":"status-publish","4":"has-post-thumbnail","6":"product_brand-premium-plus-poland","7":"product_cat-premium-plus-poland","9":"first","10":"outofstock","11":"shipping-taxable","12":"purchasable","13":"product-type-simple"},"_links":{"self":[{"href":"https:\/\/goldberg.lv\/lv\/wp-json\/wp\/v2\/product\/3438","targetHints":{"allow":["GET"]}}],"collection":[{"href":"https:\/\/goldberg.lv\/lv\/wp-json\/wp\/v2\/product"}],"about":[{"href":"https:\/\/goldberg.lv\/lv\/wp-json\/wp\/v2\/types\/product"}],"wp:featuredmedia":[{"embeddable":true,"href":"https:\/\/goldberg.lv\/lv\/wp-json\/wp\/v2\/media\/4956"}],"wp:attachment":[{"href":"https:\/\/goldberg.lv\/lv\/wp-json\/wp\/v2\/media?parent=3438"}],"wp:term":[{"taxonomy":"product_brand","embeddable":true,"href":"https:\/\/goldberg.lv\/lv\/wp-json\/wp\/v2\/product_brand?post=3438"},{"taxonomy":"product_cat","embeddable":true,"href":"https:\/\/goldberg.lv\/lv\/wp-json\/wp\/v2\/product_cat?post=3438"},{"taxonomy":"product_tag","embeddable":true,"href":"https:\/\/goldberg.lv\/lv\/wp-json\/wp\/v2\/product_tag?post=3438"}],"curies":[{"name":"wp","href":"https:\/\/api.w.org\/{rel}","templated":true}]}}