{"id":3436,"date":"2025-11-03T15:11:00","date_gmt":"2025-11-03T12:11:00","guid":{"rendered":"https:\/\/goldberg.lv\/shop\/086-intraoral-tips-100s-white\/"},"modified":"2026-04-15T16:21:18","modified_gmt":"2026-04-15T13:21:18","slug":"086-intraoral-tips-100s-white","status":"publish","type":"product","link":"https:\/\/goldberg.lv\/lv\/shop\/086-intraoral-tips-100s-white\/","title":{"rendered":"086 Intraoral Tips 100s White"},"content":{"rendered":"<h3>Intraor\u0101l\u0101s \u0161\u013circes padomi<\/h3>\n<ul>\n<li>Univers\u0101ls stiprin\u0101jums<\/li>\n<\/ul>\n<p><strong>Pieejams:\u00a0<\/strong><\/p>\n<ul>\n<li>085 - Dzeltens dzelteniem mais\u012b\u0161anas uzga\u013ciem<\/li>\n<li>086 - Balta za\u013ciem vai roz\u0101 mais\u012b\u0161anas uzga\u013ciem<\/li>\n<\/ul>","protected":false},"excerpt":{"rendered":"<p>Intraoral Syringe Tips Universal fitting Available in:\u00a0 085 \u2013 Yellow for yellow mixing tips 086 \u2013 White for green or<\/p>","protected":false},"featured_media":4954,"template":"","meta":[],"product_brand":[96],"product_cat":[59],"product_tag":[],"class_list":{"0":"post-3436","1":"product","2":"type-product","3":"status-publish","4":"has-post-thumbnail","6":"product_brand-premium-plus-poland","7":"product_cat-premium-plus-poland","9":"first","10":"instock","11":"shipping-taxable","12":"purchasable","13":"product-type-simple"},"_links":{"self":[{"href":"https:\/\/goldberg.lv\/lv\/wp-json\/wp\/v2\/product\/3436","targetHints":{"allow":["GET"]}}],"collection":[{"href":"https:\/\/goldberg.lv\/lv\/wp-json\/wp\/v2\/product"}],"about":[{"href":"https:\/\/goldberg.lv\/lv\/wp-json\/wp\/v2\/types\/product"}],"wp:featuredmedia":[{"embeddable":true,"href":"https:\/\/goldberg.lv\/lv\/wp-json\/wp\/v2\/media\/4954"}],"wp:attachment":[{"href":"https:\/\/goldberg.lv\/lv\/wp-json\/wp\/v2\/media?parent=3436"}],"wp:term":[{"taxonomy":"product_brand","embeddable":true,"href":"https:\/\/goldberg.lv\/lv\/wp-json\/wp\/v2\/product_brand?post=3436"},{"taxonomy":"product_cat","embeddable":true,"href":"https:\/\/goldberg.lv\/lv\/wp-json\/wp\/v2\/product_cat?post=3436"},{"taxonomy":"product_tag","embeddable":true,"href":"https:\/\/goldberg.lv\/lv\/wp-json\/wp\/v2\/product_tag?post=3436"}],"curies":[{"name":"wp","href":"https:\/\/api.w.org\/{rel}","templated":true}]}}