{"id":3431,"date":"2025-11-03T15:10:55","date_gmt":"2025-11-03T12:10:55","guid":{"rendered":"https:\/\/goldberg.lv\/shop\/078-curved-tip-syringes-50s\/"},"modified":"2026-04-15T17:50:13","modified_gmt":"2026-04-15T14:50:13","slug":"078-curved-tip-syringes-50s","status":"publish","type":"product","link":"https:\/\/goldberg.lv\/lv\/shop\/078-curved-tip-syringes-50s\/","title":{"rendered":"078 \u0160\u013circes ar izliektu galu 50s"},"content":{"rendered":"<h3>\u0160\u013circes ar izliektu galu<\/h3>\n<ul>\n<li>Izgatavots no polipropil\u0113na plastmasas<\/li>\n<li>Pilna 12 ml tilpums<\/li>\n<li>Pa\u0161bl\u012bv\u0113jo\u0161s medic\u012bnisk\u0101 silikona virzule<\/li>\n<li>Paredz\u0113ts perio irig\u0101cijai, nospieduma materi\u0101liem, p\u0113c\u0137irur\u0123iskai lieto\u0161anai m\u0101j\u0101s, fluor\u012bdu terapijai u. c.<\/li>\n<li>50 gab. kast\u0113<\/li>\n<\/ul>","protected":false},"excerpt":{"rendered":"<p>Curved Tip Syringes Made of polypropylene plastic Full 12 mls capacity Self sealing medical grade silicone plunger Designed for perio<\/p>","protected":false},"featured_media":4946,"template":"","meta":[],"product_brand":[96],"product_cat":[59],"product_tag":[],"class_list":{"0":"post-3431","1":"product","2":"type-product","3":"status-publish","4":"has-post-thumbnail","6":"product_brand-premium-plus-poland","7":"product_cat-premium-plus-poland","9":"first","10":"instock","11":"shipping-taxable","12":"purchasable","13":"product-type-simple"},"_links":{"self":[{"href":"https:\/\/goldberg.lv\/lv\/wp-json\/wp\/v2\/product\/3431","targetHints":{"allow":["GET"]}}],"collection":[{"href":"https:\/\/goldberg.lv\/lv\/wp-json\/wp\/v2\/product"}],"about":[{"href":"https:\/\/goldberg.lv\/lv\/wp-json\/wp\/v2\/types\/product"}],"wp:featuredmedia":[{"embeddable":true,"href":"https:\/\/goldberg.lv\/lv\/wp-json\/wp\/v2\/media\/4946"}],"wp:attachment":[{"href":"https:\/\/goldberg.lv\/lv\/wp-json\/wp\/v2\/media?parent=3431"}],"wp:term":[{"taxonomy":"product_brand","embeddable":true,"href":"https:\/\/goldberg.lv\/lv\/wp-json\/wp\/v2\/product_brand?post=3431"},{"taxonomy":"product_cat","embeddable":true,"href":"https:\/\/goldberg.lv\/lv\/wp-json\/wp\/v2\/product_cat?post=3431"},{"taxonomy":"product_tag","embeddable":true,"href":"https:\/\/goldberg.lv\/lv\/wp-json\/wp\/v2\/product_tag?post=3431"}],"curies":[{"name":"wp","href":"https:\/\/api.w.org\/{rel}","templated":true}]}}