{"id":3425,"date":"2025-11-03T15:10:48","date_gmt":"2025-11-03T12:10:48","guid":{"rendered":"https:\/\/goldberg.lv\/shop\/021-aspirator-brushes-6s-fine\/"},"modified":"2026-04-15T17:50:10","modified_gmt":"2026-04-15T14:50:10","slug":"021-aspirator-brushes-6s-fine","status":"publish","type":"product","link":"https:\/\/goldberg.lv\/lv\/shop\/021-aspirator-brushes-6s-fine\/","title":{"rendered":"021 Aspiratora birstes 6s Fine"},"content":{"rendered":"<h3>Aspiratora birstes<\/h3>\n<ul>\n<li>Autokl\u0101v\u0113jams l\u012bdz 134\u00baC<\/li>\n<li>Stingri sari efekt\u012bvai t\u012br\u012b\u0161anai<\/li>\n<li>Nav ieteicams, ja vien nav pieejama t\u012br\u012b\u0161ana ar ultraska\u0146u.<\/li>\n<li>Lieto ar ziepjveida t\u012br\u012b\u0161anas l\u012bdzekli<\/li>\n<li>\u013bauj t\u012br\u012bt cauru\u013cu iek\u0161pusi<\/li>\n<li>J\u0101iegremd\u0113 \u016bden\u012b, lai samazin\u0101tu iz\u0161\u013cakst\u012b\u0161anos.<\/li>\n<\/ul>\n<p><strong>Pieejams:\u00a0<\/strong><\/p>\n<ul>\n<li>020 - X-Fine - dia. 5 mm<\/li>\n<li>021 - Smalks - dia. 8 mm<\/li>\n<li>022 - Vid\u0113ja izm\u0113ra - dia. 14 mm<\/li>\n<li>023 - Liels - dia. 20 mm<\/li>\n<li>6 gabali iepakojum\u0101<\/li>\n<\/ul>","protected":false},"excerpt":{"rendered":"<p>Aspirator Brushes Autoclavable up to 134\u00baC Rigid bristles for effective cleaning Not recommended unless ultrasonic cleaning is unavailable Use with<\/p>","protected":false},"featured_media":4940,"template":"","meta":[],"product_brand":[96],"product_cat":[59],"product_tag":[],"class_list":{"0":"post-3425","1":"product","2":"type-product","3":"status-publish","4":"has-post-thumbnail","6":"product_brand-premium-plus-poland","7":"product_cat-premium-plus-poland","9":"first","10":"instock","11":"shipping-taxable","12":"purchasable","13":"product-type-simple"},"_links":{"self":[{"href":"https:\/\/goldberg.lv\/lv\/wp-json\/wp\/v2\/product\/3425","targetHints":{"allow":["GET"]}}],"collection":[{"href":"https:\/\/goldberg.lv\/lv\/wp-json\/wp\/v2\/product"}],"about":[{"href":"https:\/\/goldberg.lv\/lv\/wp-json\/wp\/v2\/types\/product"}],"wp:featuredmedia":[{"embeddable":true,"href":"https:\/\/goldberg.lv\/lv\/wp-json\/wp\/v2\/media\/4940"}],"wp:attachment":[{"href":"https:\/\/goldberg.lv\/lv\/wp-json\/wp\/v2\/media?parent=3425"}],"wp:term":[{"taxonomy":"product_brand","embeddable":true,"href":"https:\/\/goldberg.lv\/lv\/wp-json\/wp\/v2\/product_brand?post=3425"},{"taxonomy":"product_cat","embeddable":true,"href":"https:\/\/goldberg.lv\/lv\/wp-json\/wp\/v2\/product_cat?post=3425"},{"taxonomy":"product_tag","embeddable":true,"href":"https:\/\/goldberg.lv\/lv\/wp-json\/wp\/v2\/product_tag?post=3425"}],"curies":[{"name":"wp","href":"https:\/\/api.w.org\/{rel}","templated":true}]}}