{"id":3419,"date":"2025-11-03T15:10:42","date_gmt":"2025-11-03T12:10:42","guid":{"rendered":"https:\/\/goldberg.lv\/shop\/005l-hve-suction-tubes-16mm-10s-asst-adult-large\/"},"modified":"2026-04-15T17:50:01","modified_gmt":"2026-04-15T14:50:01","slug":"005l-hve-suction-tubes-16mm-10s-asst-adult-large","status":"publish","type":"product","link":"https:\/\/goldberg.lv\/lv\/shop\/005l-hve-suction-tubes-16mm-10s-asst-adult-large\/","title":{"rendered":"005L HVE s\u016bk\u0101jam\u0101s caurules 16 mm 10s Asst Adult Large"},"content":{"rendered":"<h3>HVE izliekt\u0101s s\u016bk\u0161anas caurules 16 mm<\/h3>\n<ul>\n<li>\u0136irur\u0123isk\u0101s kangulas lielam asins tilpumam un s\u016bk\u0161anai \u0137irur\u0123isko proced\u016bru laik\u0101<\/li>\n<li>Piem\u0113rots 16 mm Eiropas stila ies\u016bk\u0161anas caurul\u0113m<\/li>\n<li>Ergonomiski izstr\u0101d\u0101ts optim\u0101lai lieto\u0161anai, pietiekami iztur\u012bgs, lai var\u0113tu ievilkt vaigu.<\/li>\n<li>Augstas kvalit\u0101tes, piln\u012bb\u0101 pul\u0113ta iek\u0161\u0113j\u0101 virsma un malas klusai darb\u012bbai un pacienta komfortam.<\/li>\n<li>Autokl\u0101v\u0113jams pirms lieto\u0161anas, l\u012bdz 134\u00b0C<\/li>\n<li>Tikai vienreiz\u0113jai lieto\u0161anai<\/li>\n<li>Bez lateksa<\/li>\n<li>Nesatur ftal\u0101tus<\/li>\n<\/ul>\n<p><strong>Pieejams:<\/strong><\/p>\n<ul>\n<li>005L 16 mm lielais liektais pieaugu\u0161o (22 mm galva)<\/li>\n<li>005M 16 mm izliekts vid\u0113jais (20 mm galva)<\/li>\n<li>006P 16 mm izliekts b\u0113rns (16 mm galva)<\/li>\n<li>Kr\u0101su kl\u0101sts: lavandas, gai\u0161i zila, gai\u0161i za\u013ca, laima un dzeltena.<\/li>\n<\/ul>","protected":false},"excerpt":{"rendered":"<p>HVE Curved Suction Tubes 16mm Surgical cannulas for high blood volume and suction in surgical procedures Fits European style 16mm\u00a0<\/p>","protected":false},"featured_media":4936,"template":"","meta":[],"product_brand":[96],"product_cat":[59],"product_tag":[],"class_list":{"0":"post-3419","1":"product","2":"type-product","3":"status-publish","4":"has-post-thumbnail","6":"product_brand-premium-plus-poland","7":"product_cat-premium-plus-poland","9":"first","10":"instock","11":"shipping-taxable","12":"purchasable","13":"product-type-simple"},"_links":{"self":[{"href":"https:\/\/goldberg.lv\/lv\/wp-json\/wp\/v2\/product\/3419","targetHints":{"allow":["GET"]}}],"collection":[{"href":"https:\/\/goldberg.lv\/lv\/wp-json\/wp\/v2\/product"}],"about":[{"href":"https:\/\/goldberg.lv\/lv\/wp-json\/wp\/v2\/types\/product"}],"wp:featuredmedia":[{"embeddable":true,"href":"https:\/\/goldberg.lv\/lv\/wp-json\/wp\/v2\/media\/4936"}],"wp:attachment":[{"href":"https:\/\/goldberg.lv\/lv\/wp-json\/wp\/v2\/media?parent=3419"}],"wp:term":[{"taxonomy":"product_brand","embeddable":true,"href":"https:\/\/goldberg.lv\/lv\/wp-json\/wp\/v2\/product_brand?post=3419"},{"taxonomy":"product_cat","embeddable":true,"href":"https:\/\/goldberg.lv\/lv\/wp-json\/wp\/v2\/product_cat?post=3419"},{"taxonomy":"product_tag","embeddable":true,"href":"https:\/\/goldberg.lv\/lv\/wp-json\/wp\/v2\/product_tag?post=3419"}],"curies":[{"name":"wp","href":"https:\/\/api.w.org\/{rel}","templated":true}]}}