{"id":3412,"date":"2025-11-03T15:10:34","date_gmt":"2025-11-03T12:10:34","guid":{"rendered":"https:\/\/goldberg.lv\/shop\/2832-bur-block-32fg-blue\/"},"modified":"2026-04-15T16:21:06","modified_gmt":"2026-04-15T13:21:06","slug":"2832-bur-block-32fg-blue","status":"publish","type":"product","link":"https:\/\/goldberg.lv\/lv\/shop\/2832-bur-block-32fg-blue\/","title":{"rendered":"2832 Bur Block 32FG Blue"},"content":{"rendered":"<h3>Alum\u012bnija sadedzin\u0101\u0161anas bloki 32FG<\/h3>\n<ul>\n<li>Ide\u0101li piem\u0113rots zobu asme\u0146u uzglab\u0101\u0161anai<\/li>\n<li>\u012apa\u0161a konstrukcija asme\u0146u t\u012br\u012b\u0161anai ar ultraska\u0146u un autokl\u0101v\u0113\u0161anai<\/li>\n<li>Iztur\u012bga konstrukcija<\/li>\n<li>Piln\u012bb\u0101 autokl\u0101v\u0113jams l\u012bdz 134\u00b0C temperat\u016br\u0101<\/li>\n<li>Izm\u0113rs: W80mm x D42mm x H33mm<\/li>\n<li>Uz\u0146em 32 FG asme\u0146us<\/li>\n<\/ul>\n<p><strong>Pieejams<\/strong><\/p>\n<ul>\n<li>Zilas un sudraba kr\u0101sas<\/li>\n<\/ul>","protected":false},"excerpt":{"rendered":"<p>Aluminium Bur Blocks 32FG Ideal for storage of dental burs Special design for ultrasonic cleaning and autoclaving of burs Sturdy<\/p>","protected":false},"featured_media":4924,"template":"","meta":[],"product_brand":[96],"product_cat":[59],"product_tag":[],"class_list":{"0":"post-3412","1":"product","2":"type-product","3":"status-publish","4":"has-post-thumbnail","6":"product_brand-premium-plus-poland","7":"product_cat-premium-plus-poland","9":"first","10":"instock","11":"shipping-taxable","12":"purchasable","13":"product-type-simple"},"_links":{"self":[{"href":"https:\/\/goldberg.lv\/lv\/wp-json\/wp\/v2\/product\/3412","targetHints":{"allow":["GET"]}}],"collection":[{"href":"https:\/\/goldberg.lv\/lv\/wp-json\/wp\/v2\/product"}],"about":[{"href":"https:\/\/goldberg.lv\/lv\/wp-json\/wp\/v2\/types\/product"}],"wp:featuredmedia":[{"embeddable":true,"href":"https:\/\/goldberg.lv\/lv\/wp-json\/wp\/v2\/media\/4924"}],"wp:attachment":[{"href":"https:\/\/goldberg.lv\/lv\/wp-json\/wp\/v2\/media?parent=3412"}],"wp:term":[{"taxonomy":"product_brand","embeddable":true,"href":"https:\/\/goldberg.lv\/lv\/wp-json\/wp\/v2\/product_brand?post=3412"},{"taxonomy":"product_cat","embeddable":true,"href":"https:\/\/goldberg.lv\/lv\/wp-json\/wp\/v2\/product_cat?post=3412"},{"taxonomy":"product_tag","embeddable":true,"href":"https:\/\/goldberg.lv\/lv\/wp-json\/wp\/v2\/product_tag?post=3412"}],"curies":[{"name":"wp","href":"https:\/\/api.w.org\/{rel}","templated":true}]}}