{"id":3410,"date":"2025-11-03T15:10:32","date_gmt":"2025-11-03T12:10:32","guid":{"rendered":"https:\/\/goldberg.lv\/shop\/1180-endo-cushion-holder\/"},"modified":"2026-04-15T16:21:05","modified_gmt":"2026-04-15T13:21:05","slug":"1180-endo-cushion-holder","status":"publish","type":"product","link":"https:\/\/goldberg.lv\/lv\/shop\/1180-endo-cushion-holder\/","title":{"rendered":"1180 Endo spilvena tur\u0113t\u0101js"},"content":{"rendered":"<h3>Endo tur\u0113t\u0101js no ner\u016bs\u0113jo\u0161\u0101 t\u0113rauda un spilveni<\/h3>\n<ul>\n<li>Izmantoto failu tur\u0113t\u0101js ar vienreizlietojamiem putuplasta spilventi\u0146iem<\/li>\n<li>Ieb\u016bv\u0113ts endo failu line\u0101ls<\/li>\n<li>Ner\u016bs\u0113jo\u0161\u0101 t\u0113rauda konstrukcija<\/li>\n<li>Autokl\u0101v\u0113jams<\/li>\n<\/ul>\n<p><strong>Pieejams:\u00a0<\/strong><\/p>\n<ul>\n<li>1180 Endo tur\u0113t\u0101js<\/li>\n<\/ul>","protected":false},"excerpt":{"rendered":"<p>Endo Holder Stainless Steel And Cushions Holder for used files with disposable foam plastic cushions Built-in endo file ruler Stainless<\/p>","protected":false},"featured_media":4921,"template":"","meta":[],"product_brand":[96],"product_cat":[59],"product_tag":[],"class_list":{"0":"post-3410","1":"product","2":"type-product","3":"status-publish","4":"has-post-thumbnail","6":"product_brand-premium-plus-poland","7":"product_cat-premium-plus-poland","9":"first","10":"instock","11":"shipping-taxable","12":"purchasable","13":"product-type-simple"},"_links":{"self":[{"href":"https:\/\/goldberg.lv\/lv\/wp-json\/wp\/v2\/product\/3410","targetHints":{"allow":["GET"]}}],"collection":[{"href":"https:\/\/goldberg.lv\/lv\/wp-json\/wp\/v2\/product"}],"about":[{"href":"https:\/\/goldberg.lv\/lv\/wp-json\/wp\/v2\/types\/product"}],"wp:featuredmedia":[{"embeddable":true,"href":"https:\/\/goldberg.lv\/lv\/wp-json\/wp\/v2\/media\/4921"}],"wp:attachment":[{"href":"https:\/\/goldberg.lv\/lv\/wp-json\/wp\/v2\/media?parent=3410"}],"wp:term":[{"taxonomy":"product_brand","embeddable":true,"href":"https:\/\/goldberg.lv\/lv\/wp-json\/wp\/v2\/product_brand?post=3410"},{"taxonomy":"product_cat","embeddable":true,"href":"https:\/\/goldberg.lv\/lv\/wp-json\/wp\/v2\/product_cat?post=3410"},{"taxonomy":"product_tag","embeddable":true,"href":"https:\/\/goldberg.lv\/lv\/wp-json\/wp\/v2\/product_tag?post=3410"}],"curies":[{"name":"wp","href":"https:\/\/api.w.org\/{rel}","templated":true}]}}