{"id":3404,"date":"2025-11-03T15:10:25","date_gmt":"2025-11-03T12:10:25","guid":{"rendered":"https:\/\/goldberg.lv\/shop\/029-endo-ruler-stainless-steel\/"},"modified":"2026-04-15T16:20:59","modified_gmt":"2026-04-15T13:20:59","slug":"029-endo-ruler-stainless-steel","status":"publish","type":"product","link":"https:\/\/goldberg.lv\/lv\/shop\/029-endo-ruler-stainless-steel\/","title":{"rendered":"029 Endo ner\u016bs\u0113jo\u0161\u0101 t\u0113rauda line\u0101ls"},"content":{"rendered":"<h3>Endo line\u0101ls ner\u016bs\u0113jo\u0161ais t\u0113rauds<\/h3>\n<ul>\n<li>Gan rokas, gan motora instrumentiem<\/li>\n<li>Garuma m\u0113r\u012b\u0161ana, piem\u0113ram: endodontiskie v\u012bli<\/li>\n<li>Piln\u012bb\u0101 autokl\u0101v\u0113jams<\/li>\n<li>Preces kods: LT029<\/li>\n<\/ul>","protected":false},"excerpt":{"rendered":"<p>Endo Ruler Stainless Steel For both hand and engine instruments Measuring length e.g: endodontic files Fully autoclavable Item code: LT029<\/p>","protected":false},"featured_media":4912,"template":"","meta":[],"product_brand":[96],"product_cat":[59],"product_tag":[],"class_list":{"0":"post-3404","1":"product","2":"type-product","3":"status-publish","4":"has-post-thumbnail","6":"product_brand-premium-plus-poland","7":"product_cat-premium-plus-poland","9":"first","10":"instock","11":"shipping-taxable","12":"purchasable","13":"product-type-simple"},"_links":{"self":[{"href":"https:\/\/goldberg.lv\/lv\/wp-json\/wp\/v2\/product\/3404","targetHints":{"allow":["GET"]}}],"collection":[{"href":"https:\/\/goldberg.lv\/lv\/wp-json\/wp\/v2\/product"}],"about":[{"href":"https:\/\/goldberg.lv\/lv\/wp-json\/wp\/v2\/types\/product"}],"wp:featuredmedia":[{"embeddable":true,"href":"https:\/\/goldberg.lv\/lv\/wp-json\/wp\/v2\/media\/4912"}],"wp:attachment":[{"href":"https:\/\/goldberg.lv\/lv\/wp-json\/wp\/v2\/media?parent=3404"}],"wp:term":[{"taxonomy":"product_brand","embeddable":true,"href":"https:\/\/goldberg.lv\/lv\/wp-json\/wp\/v2\/product_brand?post=3404"},{"taxonomy":"product_cat","embeddable":true,"href":"https:\/\/goldberg.lv\/lv\/wp-json\/wp\/v2\/product_cat?post=3404"},{"taxonomy":"product_tag","embeddable":true,"href":"https:\/\/goldberg.lv\/lv\/wp-json\/wp\/v2\/product_tag?post=3404"}],"curies":[{"name":"wp","href":"https:\/\/api.w.org\/{rel}","templated":true}]}}