{"id":3392,"date":"2025-11-03T15:10:10","date_gmt":"2025-11-03T12:10:10","guid":{"rendered":"https:\/\/goldberg.lv\/shop\/p66-prophy-paste-medium-orange-100g\/"},"modified":"2026-04-15T17:49:58","modified_gmt":"2026-04-15T14:49:58","slug":"p66-prophy-paste-medium-orange-100g","status":"publish","type":"product","link":"https:\/\/goldberg.lv\/lv\/shop\/p66-prophy-paste-medium-orange-100g\/","title":{"rendered":"P66 Profilaktisk\u0101 pasta vid\u0113ji apels\u012bnu 100g"},"content":{"rendered":"<p>Profilaktisk\u0101 pasta vid\u0113ji oran\u017e\u0101 kr\u0101s\u0101<\/p>","protected":false},"excerpt":{"rendered":"<p>Profilaktisk\u0101 pasta vid\u0113ji oran\u017e\u0101 kr\u0101s\u0101<\/p>","protected":false},"featured_media":4908,"template":"","meta":[],"product_brand":[96],"product_cat":[59],"product_tag":[],"class_list":{"0":"post-3392","1":"product","2":"type-product","3":"status-publish","4":"has-post-thumbnail","6":"product_brand-premium-plus-poland","7":"product_cat-premium-plus-poland","9":"first","10":"outofstock","11":"shipping-taxable","12":"purchasable","13":"product-type-simple"},"_links":{"self":[{"href":"https:\/\/goldberg.lv\/lv\/wp-json\/wp\/v2\/product\/3392","targetHints":{"allow":["GET"]}}],"collection":[{"href":"https:\/\/goldberg.lv\/lv\/wp-json\/wp\/v2\/product"}],"about":[{"href":"https:\/\/goldberg.lv\/lv\/wp-json\/wp\/v2\/types\/product"}],"wp:featuredmedia":[{"embeddable":true,"href":"https:\/\/goldberg.lv\/lv\/wp-json\/wp\/v2\/media\/4908"}],"wp:attachment":[{"href":"https:\/\/goldberg.lv\/lv\/wp-json\/wp\/v2\/media?parent=3392"}],"wp:term":[{"taxonomy":"product_brand","embeddable":true,"href":"https:\/\/goldberg.lv\/lv\/wp-json\/wp\/v2\/product_brand?post=3392"},{"taxonomy":"product_cat","embeddable":true,"href":"https:\/\/goldberg.lv\/lv\/wp-json\/wp\/v2\/product_cat?post=3392"},{"taxonomy":"product_tag","embeddable":true,"href":"https:\/\/goldberg.lv\/lv\/wp-json\/wp\/v2\/product_tag?post=3392"}],"curies":[{"name":"wp","href":"https:\/\/api.w.org\/{rel}","templated":true}]}}