{"id":3389,"date":"2025-11-03T15:10:02","date_gmt":"2025-11-03T12:10:02","guid":{"rendered":"https:\/\/goldberg.lv\/shop\/hh902-greenline-hollow-handle-micro-applicators-fine-100s-medium\/"},"modified":"2026-04-15T16:20:56","modified_gmt":"2026-04-15T13:20:56","slug":"hh902-greenline-hollow-handle-micro-applicators-fine-100s-medium","status":"publish","type":"product","link":"https:\/\/goldberg.lv\/lv\/shop\/hh902-greenline-hollow-handle-micro-applicators-fine-100s-medium\/","title":{"rendered":"HH902 Greenline mikro aplikatori ar dobiem rokturiem, smalki, 100s, vid\u0113jie"},"content":{"rendered":"<p>45% katr\u0101 dobaj\u0101 roktur\u012b tiek izmantots maz\u0101k plastmasas nek\u0101 m\u016bsu standarta mikroaplikator\u0101, jo rokturis ir dobs.<\/p>\n<p>T\u0101 viet\u0101, lai izmantotu jaunu plastmasu, m\u0113s izmantojam 100% p\u0101rstr\u0101d\u0101tu plastmasu.<\/p>\n<p>plastmasa birstes uzga\u013ca un 50% p\u0101rstr\u0101d\u0101ta plastmasa tr\u012bsda\u013c\u012bgajam rokturim. \u0160\u012b p\u0101rstr\u0101d\u0101t\u0101 plastmasa ir izgatavota, izmantojot atkritumus<\/p>\n<p>materi\u0101li, kas paliku\u0161i no citiem m\u016bsu ra\u017eo\u0161anas procesiem.<\/p>\n<p>Nek\u0101das plastmasas t\u016bbi\u0146as, kas var izmantot l\u012bdz pat tre\u0161da\u013cai plastmasas, sal\u012bdzinot ar pa\u0161u produktu, - tikai 100% p\u0101rstr\u0101d\u0101jama kaste.<\/p>\n<div class=\"page\" title=\"29. lappuse\">\n<div class=\"section\">\n<div class=\"layoutArea\">\n<div class=\"column\">\n<p>Mikro aplikatori ar dobu rokturi 100 gab.\/kast\u0113<\/p>\n<\/div>\n<\/div>\n<div class=\"layoutArea\">\n<div class=\"column\">\n<p>( garums 100 mm, rokturu diametrs 3 mm ) HH-901 Regul\u0101rais ( diametrs 2,5 mm ) gai\u0161i za\u013c\u0161 HH-902 Smalks ( diametrs 2 mm ) vid\u0113ji za\u013c\u0161 HH-903 \u012apa\u0161i smalks ( diametrs 1,5 mm ) tum\u0161i za\u013c\u0161<\/p>\n<\/div>\n<\/div>\n<\/div>\n<\/div>","protected":false},"excerpt":{"rendered":"<p>45% less plastic used in each hollow handle applicator than our standard micro applicator, due to the hollow 2design of<\/p>","protected":false},"featured_media":4871,"template":"","meta":[],"product_brand":[96],"product_cat":[59],"product_tag":[],"class_list":{"0":"post-3389","1":"product","2":"type-product","3":"status-publish","4":"has-post-thumbnail","6":"product_brand-premium-plus-poland","7":"product_cat-premium-plus-poland","9":"first","10":"instock","11":"shipping-taxable","12":"purchasable","13":"product-type-simple"},"_links":{"self":[{"href":"https:\/\/goldberg.lv\/lv\/wp-json\/wp\/v2\/product\/3389","targetHints":{"allow":["GET"]}}],"collection":[{"href":"https:\/\/goldberg.lv\/lv\/wp-json\/wp\/v2\/product"}],"about":[{"href":"https:\/\/goldberg.lv\/lv\/wp-json\/wp\/v2\/types\/product"}],"wp:featuredmedia":[{"embeddable":true,"href":"https:\/\/goldberg.lv\/lv\/wp-json\/wp\/v2\/media\/4871"}],"wp:attachment":[{"href":"https:\/\/goldberg.lv\/lv\/wp-json\/wp\/v2\/media?parent=3389"}],"wp:term":[{"taxonomy":"product_brand","embeddable":true,"href":"https:\/\/goldberg.lv\/lv\/wp-json\/wp\/v2\/product_brand?post=3389"},{"taxonomy":"product_cat","embeddable":true,"href":"https:\/\/goldberg.lv\/lv\/wp-json\/wp\/v2\/product_cat?post=3389"},{"taxonomy":"product_tag","embeddable":true,"href":"https:\/\/goldberg.lv\/lv\/wp-json\/wp\/v2\/product_tag?post=3389"}],"curies":[{"name":"wp","href":"https:\/\/api.w.org\/{rel}","templated":true}]}}