{"id":3387,"date":"2025-11-03T15:09:59","date_gmt":"2025-11-03T12:09:59","guid":{"rendered":"https:\/\/goldberg.lv\/shop\/g028-greenline-a-type-air-water-syringe-short-euro-tips-200s\/"},"modified":"2026-02-17T19:18:27","modified_gmt":"2026-02-17T16:18:27","slug":"g028-greenline-a-type-air-water-syringe-short-euro-tips-200s","status":"publish","type":"product","link":"https:\/\/goldberg.lv\/lv\/shop\/g028-greenline-a-type-air-water-syringe-short-euro-tips-200s\/","title":{"rendered":"G028 Greenline A tipa gaisa \u016bdens \u0161\u013circe ar \u012bsiem Euro uzga\u013ciem 200s"},"content":{"rendered":"<div class=\"page\" title=\"28. lappuse\">\n<div class=\"section\">\n<div class=\"layoutArea\">\n<div class=\"column\"><\/div>\n<div class=\"column\">\n<p>&nbsp;<\/p>\n<\/div>\n<\/div>\n<div class=\"layoutArea\">\n<div class=\"column\">\n<ul>\n<li>- Izgatavots no p\u0101rstr\u0101d\u0101tas plastmasas 100%<\/li>\n<li>- Bez as\u0101m mal\u0101m pacienta komfortam<\/li>\n<li>- Unik\u0101la \u010detru gaisa serde\u0146u konstrukcija, kas nodro\u0161ina sausu gaisu.<\/li>\n<li>- Kartona iepakojums, kas ir viegli p\u0101rstr\u0101d\u0101jams<\/li>\n<li>\n<div class=\"page\" title=\"28. lappuse\">\n<div class=\"section\">\n<div class=\"layoutArea\">\n<div class=\"column\">\n<p>O'GREDZENA GROPE, LAI STINGRI NOTUR\u0112TU \u0160\u013bIRCES UZGAL\u012aTI.<\/p>\n<\/div>\n<\/div>\n<\/div>\n<\/div>\n<\/li>\n<\/ul>\n<\/div>\n<\/div>\n<\/div>\n<\/div>","protected":false},"excerpt":{"rendered":"<p>&nbsp; &#8211; \u00a0Made from 100% recycled plastic &#8211; \u00a0No sharp edges for patient comfort &#8211; \u00a0Unique quad air core design<\/p>","protected":false},"featured_media":4887,"template":"","meta":[],"product_brand":[96],"product_cat":[59],"product_tag":[],"class_list":{"0":"post-3387","1":"product","2":"type-product","3":"status-publish","4":"has-post-thumbnail","6":"product_brand-premium-plus-poland","7":"product_cat-premium-plus-poland","9":"first","10":"instock","11":"shipping-taxable","12":"purchasable","13":"product-type-simple"},"_links":{"self":[{"href":"https:\/\/goldberg.lv\/lv\/wp-json\/wp\/v2\/product\/3387","targetHints":{"allow":["GET"]}}],"collection":[{"href":"https:\/\/goldberg.lv\/lv\/wp-json\/wp\/v2\/product"}],"about":[{"href":"https:\/\/goldberg.lv\/lv\/wp-json\/wp\/v2\/types\/product"}],"wp:featuredmedia":[{"embeddable":true,"href":"https:\/\/goldberg.lv\/lv\/wp-json\/wp\/v2\/media\/4887"}],"wp:attachment":[{"href":"https:\/\/goldberg.lv\/lv\/wp-json\/wp\/v2\/media?parent=3387"}],"wp:term":[{"taxonomy":"product_brand","embeddable":true,"href":"https:\/\/goldberg.lv\/lv\/wp-json\/wp\/v2\/product_brand?post=3387"},{"taxonomy":"product_cat","embeddable":true,"href":"https:\/\/goldberg.lv\/lv\/wp-json\/wp\/v2\/product_cat?post=3387"},{"taxonomy":"product_tag","embeddable":true,"href":"https:\/\/goldberg.lv\/lv\/wp-json\/wp\/v2\/product_tag?post=3387"}],"curies":[{"name":"wp","href":"https:\/\/api.w.org\/{rel}","templated":true}]}}