{"id":3383,"date":"2025-11-03T15:09:53","date_gmt":"2025-11-03T12:09:53","guid":{"rendered":"https:\/\/goldberg.lv\/shop\/g9901-greenline-micro-applicators-regular-100s-light\/"},"modified":"2026-04-15T16:20:53","modified_gmt":"2026-04-15T13:20:53","slug":"g9901-greenline-micro-applicators-regular-100s-light","status":"publish","type":"product","link":"https:\/\/goldberg.lv\/lv\/shop\/g9901-greenline-micro-applicators-regular-100s-light\/","title":{"rendered":"G9901 Greenline Micro aplikatori Regular 100s Light"},"content":{"rendered":"<p>M\u0113s izstr\u0101d\u0101j\u0101m rokturi, lai tas b\u016btu maz\u0101ks un praktisk\u0101ks.<\/p>\n<p>Izm\u0113rs, kas samazina 50% izmantot\u0101s plastmasas daudzumu, sal\u012bdzinot ar m\u016bsu standarta mikro aplikatoriem.Jaunas plastmasas viet\u0101 m\u0113s izmantoj\u0101m 100% p\u0101rstr\u0101d\u0101tu plastmasu.<\/p>\n<p>\u0160\u012b p\u0101rstr\u0101d\u0101t\u0101 plastmasa ir izgatavota, izmantojot m\u016bsu ra\u017eo\u0161anas proces\u0101 radu\u0161os atkritumus.<\/p>\n<div class=\"page\" title=\"29. lappuse\">\n<div class=\"section\">\n<div class=\"layoutArea\">\n<div class=\"column\">\n<p>Izliekas jebkur\u0101 le\u0146\u0137\u012b, lai ierobe\u017eotas piek\u013cuves zon\u0101s var\u0113tu izvietot nelielus kontrol\u0113tus materi\u0101lu daudzumus.<\/p>\n<\/div>\n<div class=\"column\">\n<p>Nek\u0101das plastmasas t\u016bbi\u0146as, kas var izmantot l\u012bdz pat tre\u0161da\u013cai plastmasas, sal\u012bdzinot ar pa\u0161u produktu, - tikai 100% p\u0101rstr\u0101d\u0101jama kaste.<\/p>\n<\/div>\n<\/div>\n<\/div>\n<\/div>","protected":false},"excerpt":{"rendered":"<p>We designed the handle to be a smaller, more practical Size that reduces the amount of plastic used by 50%<\/p>","protected":false},"featured_media":6051,"template":"","meta":[],"product_brand":[96],"product_cat":[59],"product_tag":[],"class_list":{"0":"post-3383","1":"product","2":"type-product","3":"status-publish","4":"has-post-thumbnail","6":"product_brand-premium-plus-poland","7":"product_cat-premium-plus-poland","9":"first","10":"instock","11":"shipping-taxable","12":"purchasable","13":"product-type-simple"},"_links":{"self":[{"href":"https:\/\/goldberg.lv\/lv\/wp-json\/wp\/v2\/product\/3383","targetHints":{"allow":["GET"]}}],"collection":[{"href":"https:\/\/goldberg.lv\/lv\/wp-json\/wp\/v2\/product"}],"about":[{"href":"https:\/\/goldberg.lv\/lv\/wp-json\/wp\/v2\/types\/product"}],"wp:featuredmedia":[{"embeddable":true,"href":"https:\/\/goldberg.lv\/lv\/wp-json\/wp\/v2\/media\/6051"}],"wp:attachment":[{"href":"https:\/\/goldberg.lv\/lv\/wp-json\/wp\/v2\/media?parent=3383"}],"wp:term":[{"taxonomy":"product_brand","embeddable":true,"href":"https:\/\/goldberg.lv\/lv\/wp-json\/wp\/v2\/product_brand?post=3383"},{"taxonomy":"product_cat","embeddable":true,"href":"https:\/\/goldberg.lv\/lv\/wp-json\/wp\/v2\/product_cat?post=3383"},{"taxonomy":"product_tag","embeddable":true,"href":"https:\/\/goldberg.lv\/lv\/wp-json\/wp\/v2\/product_tag?post=3383"}],"curies":[{"name":"wp","href":"https:\/\/api.w.org\/{rel}","templated":true}]}}