{"id":3379,"date":"2025-11-03T15:09:48","date_gmt":"2025-11-03T12:09:48","guid":{"rendered":"https:\/\/goldberg.lv\/shop\/3220-mixing-pads-35-x-45mm-3-x-100s\/"},"modified":"2026-04-15T16:20:51","modified_gmt":"2026-04-15T13:20:51","slug":"3220-mixing-pads-35-x-45mm-3-x-100s","status":"publish","type":"product","link":"https:\/\/goldberg.lv\/lv\/shop\/3220-mixing-pads-35-x-45mm-3-x-100s\/","title":{"rendered":"3220 Mais\u012b\u0161anas spilventi\u0146i 35 x 45 mm 3 x 100 gab."},"content":{"rendered":"<div class=\"layoutArea\">\n<div class=\"column\">\n<p>Mais\u012b\u0161anas spilventi\u0146i, 3 X 100 gab.\/pak.<\/p>\n<\/div>\n<\/div>\n<div class=\"layoutArea\">\n<div class=\"column\">\n<p>3220 Mazie 35 mm X 45 mm<\/p>\n<p>3225 Liels 70 mm X 80 mm<\/p>\n<\/div>\n<\/div>","protected":false},"excerpt":{"rendered":"<p>Mixing Pads, 3 X 100 pcs\/pack 3220 Small 35 mm X 45 mm 3225 Large 70 mm X 80 mm<\/p>","protected":false},"featured_media":4899,"template":"","meta":[],"product_brand":[96],"product_cat":[59],"product_tag":[],"class_list":{"0":"post-3379","1":"product","2":"type-product","3":"status-publish","4":"has-post-thumbnail","6":"product_brand-premium-plus-poland","7":"product_cat-premium-plus-poland","9":"first","10":"instock","11":"shipping-taxable","12":"purchasable","13":"product-type-simple"},"_links":{"self":[{"href":"https:\/\/goldberg.lv\/lv\/wp-json\/wp\/v2\/product\/3379","targetHints":{"allow":["GET"]}}],"collection":[{"href":"https:\/\/goldberg.lv\/lv\/wp-json\/wp\/v2\/product"}],"about":[{"href":"https:\/\/goldberg.lv\/lv\/wp-json\/wp\/v2\/types\/product"}],"wp:featuredmedia":[{"embeddable":true,"href":"https:\/\/goldberg.lv\/lv\/wp-json\/wp\/v2\/media\/4899"}],"wp:attachment":[{"href":"https:\/\/goldberg.lv\/lv\/wp-json\/wp\/v2\/media?parent=3379"}],"wp:term":[{"taxonomy":"product_brand","embeddable":true,"href":"https:\/\/goldberg.lv\/lv\/wp-json\/wp\/v2\/product_brand?post=3379"},{"taxonomy":"product_cat","embeddable":true,"href":"https:\/\/goldberg.lv\/lv\/wp-json\/wp\/v2\/product_cat?post=3379"},{"taxonomy":"product_tag","embeddable":true,"href":"https:\/\/goldberg.lv\/lv\/wp-json\/wp\/v2\/product_tag?post=3379"}],"curies":[{"name":"wp","href":"https:\/\/api.w.org\/{rel}","templated":true}]}}