{"id":3369,"date":"2025-11-03T15:09:35","date_gmt":"2025-11-03T12:09:35","guid":{"rendered":"https:\/\/goldberg.lv\/shop\/endo-wrench\/"},"modified":"2026-04-15T17:49:54","modified_gmt":"2026-04-15T14:49:54","slug":"endo-wrench","status":"publish","type":"product","link":"https:\/\/goldberg.lv\/lv\/shop\/endo-wrench\/","title":{"rendered":"Endo atsl\u0113ga"},"content":{"rendered":"<p>XPEDENT DINAMOMETRISK\u0100S ATSL\u0112GAS UN ATSL\u0112GAS<\/p>","protected":false},"excerpt":{"rendered":"<p>XPEDENT DINAMOMETRISK\u0100S ATSL\u0112GAS UN ATSL\u0112GAS<\/p>","protected":false},"featured_media":4853,"template":"","meta":[],"product_brand":[107],"product_cat":[58,113],"product_tag":[],"class_list":{"0":"post-3369","1":"product","2":"type-product","3":"status-publish","4":"has-post-thumbnail","6":"product_brand-xpedent","7":"product_cat-xpedent","8":"product_cat-endodontics","10":"first","11":"instock","12":"shipping-taxable","13":"purchasable","14":"product-type-simple"},"_links":{"self":[{"href":"https:\/\/goldberg.lv\/lv\/wp-json\/wp\/v2\/product\/3369","targetHints":{"allow":["GET"]}}],"collection":[{"href":"https:\/\/goldberg.lv\/lv\/wp-json\/wp\/v2\/product"}],"about":[{"href":"https:\/\/goldberg.lv\/lv\/wp-json\/wp\/v2\/types\/product"}],"wp:featuredmedia":[{"embeddable":true,"href":"https:\/\/goldberg.lv\/lv\/wp-json\/wp\/v2\/media\/4853"}],"wp:attachment":[{"href":"https:\/\/goldberg.lv\/lv\/wp-json\/wp\/v2\/media?parent=3369"}],"wp:term":[{"taxonomy":"product_brand","embeddable":true,"href":"https:\/\/goldberg.lv\/lv\/wp-json\/wp\/v2\/product_brand?post=3369"},{"taxonomy":"product_cat","embeddable":true,"href":"https:\/\/goldberg.lv\/lv\/wp-json\/wp\/v2\/product_cat?post=3369"},{"taxonomy":"product_tag","embeddable":true,"href":"https:\/\/goldberg.lv\/lv\/wp-json\/wp\/v2\/product_tag?post=3369"}],"curies":[{"name":"wp","href":"https:\/\/api.w.org\/{rel}","templated":true}]}}