{"id":3368,"date":"2025-11-03T15:09:34","date_gmt":"2025-11-03T12:09:34","guid":{"rendered":"https:\/\/goldberg.lv\/shop\/uni-plastic-torque-wrench\/"},"modified":"2026-04-15T17:49:54","modified_gmt":"2026-04-15T14:49:54","slug":"uni-plastic-torque-wrench","status":"publish","type":"product","link":"https:\/\/goldberg.lv\/lv\/shop\/uni-plastic-torque-wrench\/","title":{"rendered":"Uni Plastic Torque Wrench"},"content":{"rendered":"<p>Universal<br \/>\nPlasc dinamometrisk\u0101 atsl\u0113ga lieto\u0161anai<br \/>\nar EMS\u00ae, SATELEC\u00ae<br \/>\nun NSK\u00ae skala<\/p>","protected":false},"excerpt":{"rendered":"<p>Universal Plasc Torque Wrench for use with EMS\u00ae, SATELEC\u00ae and NSK\u00ae scaler ps<\/p>","protected":false},"featured_media":4855,"template":"","meta":[],"product_brand":[107],"product_cat":[58,114],"product_tag":[],"class_list":{"0":"post-3368","1":"product","2":"type-product","3":"status-publish","4":"has-post-thumbnail","6":"product_brand-xpedent","7":"product_cat-xpedent","8":"product_cat-hygiene","10":"first","11":"instock","12":"shipping-taxable","13":"purchasable","14":"product-type-simple"},"_links":{"self":[{"href":"https:\/\/goldberg.lv\/lv\/wp-json\/wp\/v2\/product\/3368","targetHints":{"allow":["GET"]}}],"collection":[{"href":"https:\/\/goldberg.lv\/lv\/wp-json\/wp\/v2\/product"}],"about":[{"href":"https:\/\/goldberg.lv\/lv\/wp-json\/wp\/v2\/types\/product"}],"wp:featuredmedia":[{"embeddable":true,"href":"https:\/\/goldberg.lv\/lv\/wp-json\/wp\/v2\/media\/4855"}],"wp:attachment":[{"href":"https:\/\/goldberg.lv\/lv\/wp-json\/wp\/v2\/media?parent=3368"}],"wp:term":[{"taxonomy":"product_brand","embeddable":true,"href":"https:\/\/goldberg.lv\/lv\/wp-json\/wp\/v2\/product_brand?post=3368"},{"taxonomy":"product_cat","embeddable":true,"href":"https:\/\/goldberg.lv\/lv\/wp-json\/wp\/v2\/product_cat?post=3368"},{"taxonomy":"product_tag","embeddable":true,"href":"https:\/\/goldberg.lv\/lv\/wp-json\/wp\/v2\/product_tag?post=3368"}],"curies":[{"name":"wp","href":"https:\/\/api.w.org\/{rel}","templated":true}]}}