{"id":3367,"date":"2025-11-03T15:09:32","date_gmt":"2025-11-03T12:09:32","guid":{"rendered":"https:\/\/goldberg.lv\/shop\/icp-wren-dental-wrench-for-icp-tip-only\/"},"modified":"2026-04-15T17:49:53","modified_gmt":"2026-04-15T14:49:53","slug":"icp-wren-dental-wrench-for-icp-tip-only","status":"publish","type":"product","link":"https:\/\/goldberg.lv\/lv\/shop\/icp-wren-dental-wrench-for-icp-tip-only\/","title":{"rendered":"ICP WREN Zobu atsl\u0113ga tikai ICP uzga\u013ciem"},"content":{"rendered":"<p>ICP atsl\u0113ga<\/p>","protected":false},"excerpt":{"rendered":"<p>ICP atsl\u0113ga<\/p>","protected":false},"featured_media":4856,"template":"","meta":[],"product_brand":[107],"product_cat":[58],"product_tag":[],"class_list":{"0":"post-3367","1":"product","2":"type-product","3":"status-publish","4":"has-post-thumbnail","6":"product_brand-xpedent","7":"product_cat-xpedent","9":"first","10":"outofstock","11":"shipping-taxable","12":"purchasable","13":"product-type-simple"},"_links":{"self":[{"href":"https:\/\/goldberg.lv\/lv\/wp-json\/wp\/v2\/product\/3367","targetHints":{"allow":["GET"]}}],"collection":[{"href":"https:\/\/goldberg.lv\/lv\/wp-json\/wp\/v2\/product"}],"about":[{"href":"https:\/\/goldberg.lv\/lv\/wp-json\/wp\/v2\/types\/product"}],"wp:featuredmedia":[{"embeddable":true,"href":"https:\/\/goldberg.lv\/lv\/wp-json\/wp\/v2\/media\/4856"}],"wp:attachment":[{"href":"https:\/\/goldberg.lv\/lv\/wp-json\/wp\/v2\/media?parent=3367"}],"wp:term":[{"taxonomy":"product_brand","embeddable":true,"href":"https:\/\/goldberg.lv\/lv\/wp-json\/wp\/v2\/product_brand?post=3367"},{"taxonomy":"product_cat","embeddable":true,"href":"https:\/\/goldberg.lv\/lv\/wp-json\/wp\/v2\/product_cat?post=3367"},{"taxonomy":"product_tag","embeddable":true,"href":"https:\/\/goldberg.lv\/lv\/wp-json\/wp\/v2\/product_tag?post=3367"}],"curies":[{"name":"wp","href":"https:\/\/api.w.org\/{rel}","templated":true}]}}