{"id":3366,"date":"2025-11-03T15:09:31","date_gmt":"2025-11-03T12:09:31","guid":{"rendered":"https:\/\/goldberg.lv\/shop\/icppeek-replacement-peek-for-dental-tip-10-pack\/"},"modified":"2026-04-15T16:20:44","modified_gmt":"2026-04-15T13:20:44","slug":"icppeek-replacement-peek-for-dental-tip-10-pack","status":"publish","type":"product","link":"https:\/\/goldberg.lv\/lv\/shop\/icppeek-replacement-peek-for-dental-tip-10-pack\/","title":{"rendered":"ICPpeek rezerves PEEK zob\u0101rstniec\u012bbas uzga\u013ciem 10 iepakojum\u0101"},"content":{"rendered":"<p>Nomai\u0146a. ICPpeeks ir autokl\u0101v\u0113jami un atk\u0101rtoti lietojami.<br \/>\nICPpeek nomai\u0146a ir vienk\u0101r\u0161a, izmantojot atsl\u0113gu<br \/>\niek\u013cauts ICP SET.<\/p>","protected":false},"excerpt":{"rendered":"<p>Replacement. ICPpeeks are autoclavable and reusable. Replacing the ICPpeek is simple using the wrench included in ICP SET.<\/p>","protected":false},"featured_media":4857,"template":"","meta":[],"product_brand":[107],"product_cat":[58,114],"product_tag":[],"class_list":{"0":"post-3366","1":"product","2":"type-product","3":"status-publish","4":"has-post-thumbnail","6":"product_brand-xpedent","7":"product_cat-xpedent","8":"product_cat-hygiene","10":"first","11":"instock","12":"shipping-taxable","13":"purchasable","14":"product-type-simple"},"_links":{"self":[{"href":"https:\/\/goldberg.lv\/lv\/wp-json\/wp\/v2\/product\/3366","targetHints":{"allow":["GET"]}}],"collection":[{"href":"https:\/\/goldberg.lv\/lv\/wp-json\/wp\/v2\/product"}],"about":[{"href":"https:\/\/goldberg.lv\/lv\/wp-json\/wp\/v2\/types\/product"}],"wp:featuredmedia":[{"embeddable":true,"href":"https:\/\/goldberg.lv\/lv\/wp-json\/wp\/v2\/media\/4857"}],"wp:attachment":[{"href":"https:\/\/goldberg.lv\/lv\/wp-json\/wp\/v2\/media?parent=3366"}],"wp:term":[{"taxonomy":"product_brand","embeddable":true,"href":"https:\/\/goldberg.lv\/lv\/wp-json\/wp\/v2\/product_brand?post=3366"},{"taxonomy":"product_cat","embeddable":true,"href":"https:\/\/goldberg.lv\/lv\/wp-json\/wp\/v2\/product_cat?post=3366"},{"taxonomy":"product_tag","embeddable":true,"href":"https:\/\/goldberg.lv\/lv\/wp-json\/wp\/v2\/product_tag?post=3366"}],"curies":[{"name":"wp","href":"https:\/\/api.w.org\/{rel}","templated":true}]}}