{"id":3361,"date":"2025-11-03T15:09:23","date_gmt":"2025-11-03T12:09:23","guid":{"rendered":"https:\/\/goldberg.lv\/shop\/kavo-tw-kav-m-metal-torque-wrenche\/"},"modified":"2026-04-15T17:49:52","modified_gmt":"2026-04-15T14:49:52","slug":"kavo-tw-kav-m-metal-torque-wrenche","status":"publish","type":"product","link":"https:\/\/goldberg.lv\/lv\/shop\/kavo-tw-kav-m-metal-torque-wrenche\/","title":{"rendered":"KAVO TW KAV M met\u0101la dinamometrisk\u0101 atsl\u0113ga"},"content":{"rendered":"<p>Piem\u0113rota met\u0101la dinamometrisk\u0101 uzgrie\u017e\u0146u atsl\u0113ga<br \/>\nizmanto\u0161anai ar Kavo<br \/>\nPiezoled\u00ae &amp; Piezosoft\u00ae<\/p>","protected":false},"excerpt":{"rendered":"<p>Metal torque wrench suitable for use with Kavo Piezoled\u00ae &amp; Piezosoft\u00ae<\/p>","protected":false},"featured_media":4862,"template":"","meta":[],"product_brand":[107],"product_cat":[58],"product_tag":[],"class_list":{"0":"post-3361","1":"product","2":"type-product","3":"status-publish","4":"has-post-thumbnail","6":"product_brand-xpedent","7":"product_cat-xpedent","9":"first","10":"outofstock","11":"shipping-taxable","12":"purchasable","13":"product-type-simple"},"_links":{"self":[{"href":"https:\/\/goldberg.lv\/lv\/wp-json\/wp\/v2\/product\/3361","targetHints":{"allow":["GET"]}}],"collection":[{"href":"https:\/\/goldberg.lv\/lv\/wp-json\/wp\/v2\/product"}],"about":[{"href":"https:\/\/goldberg.lv\/lv\/wp-json\/wp\/v2\/types\/product"}],"wp:featuredmedia":[{"embeddable":true,"href":"https:\/\/goldberg.lv\/lv\/wp-json\/wp\/v2\/media\/4862"}],"wp:attachment":[{"href":"https:\/\/goldberg.lv\/lv\/wp-json\/wp\/v2\/media?parent=3361"}],"wp:term":[{"taxonomy":"product_brand","embeddable":true,"href":"https:\/\/goldberg.lv\/lv\/wp-json\/wp\/v2\/product_brand?post=3361"},{"taxonomy":"product_cat","embeddable":true,"href":"https:\/\/goldberg.lv\/lv\/wp-json\/wp\/v2\/product_cat?post=3361"},{"taxonomy":"product_tag","embeddable":true,"href":"https:\/\/goldberg.lv\/lv\/wp-json\/wp\/v2\/product_tag?post=3361"}],"curies":[{"name":"wp","href":"https:\/\/api.w.org\/{rel}","templated":true}]}}