{"id":3355,"date":"2025-11-03T15:09:13","date_gmt":"2025-11-03T12:09:13","guid":{"rendered":"https:\/\/goldberg.lv\/shop\/scaler-tips-sirona-sricp-set\/"},"modified":"2026-04-15T16:20:38","modified_gmt":"2026-04-15T13:20:38","slug":"scaler-tips-sirona-sricp-set","status":"publish","type":"product","link":"https:\/\/goldberg.lv\/lv\/shop\/scaler-tips-sirona-sricp-set\/","title":{"rendered":"Scaler tips SIRONA srICP SET"},"content":{"rendered":"<p>Implantu t\u012br\u012b\u0161ana. ICP p tiek izmantots zem- un<br \/>\nimplantu un prot\u0113\u017eu virsdruku t\u012br\u012b\u0161ana. .<br \/>\nnomain\u0101ms peek padara acon dro\u0161u un saudz\u012bgu. Uz<br \/>\nkomplekt\u0101 ir 1 ICP, 1 ICP uzgrie\u017e\u0146u atsl\u0113ga un 2 rezerves uzga\u013ci.<\/p>","protected":false},"excerpt":{"rendered":"<p>Implant Cleaning. The ICP p is used for sub- and supragingival cleaning of implants and restoraons. The replaceable peek makes<\/p>","protected":false},"featured_media":4867,"template":"","meta":[],"product_brand":[107],"product_cat":[58],"product_tag":[],"class_list":{"0":"post-3355","1":"product","2":"type-product","3":"status-publish","4":"has-post-thumbnail","6":"product_brand-xpedent","7":"product_cat-xpedent","9":"first","10":"instock","11":"shipping-taxable","12":"purchasable","13":"product-type-simple"},"_links":{"self":[{"href":"https:\/\/goldberg.lv\/lv\/wp-json\/wp\/v2\/product\/3355","targetHints":{"allow":["GET"]}}],"collection":[{"href":"https:\/\/goldberg.lv\/lv\/wp-json\/wp\/v2\/product"}],"about":[{"href":"https:\/\/goldberg.lv\/lv\/wp-json\/wp\/v2\/types\/product"}],"wp:featuredmedia":[{"embeddable":true,"href":"https:\/\/goldberg.lv\/lv\/wp-json\/wp\/v2\/media\/4867"}],"wp:attachment":[{"href":"https:\/\/goldberg.lv\/lv\/wp-json\/wp\/v2\/media?parent=3355"}],"wp:term":[{"taxonomy":"product_brand","embeddable":true,"href":"https:\/\/goldberg.lv\/lv\/wp-json\/wp\/v2\/product_brand?post=3355"},{"taxonomy":"product_cat","embeddable":true,"href":"https:\/\/goldberg.lv\/lv\/wp-json\/wp\/v2\/product_cat?post=3355"},{"taxonomy":"product_tag","embeddable":true,"href":"https:\/\/goldberg.lv\/lv\/wp-json\/wp\/v2\/product_tag?post=3355"}],"curies":[{"name":"wp","href":"https:\/\/api.w.org\/{rel}","templated":true}]}}