{"id":3341,"date":"2025-11-03T15:08:47","date_gmt":"2025-11-03T12:08:47","guid":{"rendered":"https:\/\/goldberg.lv\/shop\/scaler-tips-satelec-stk2r\/"},"modified":"2026-04-15T16:20:30","modified_gmt":"2026-04-15T13:20:30","slug":"scaler-tips-satelec-stk2r","status":"publish","type":"product","link":"https:\/\/goldberg.lv\/lv\/shop\/scaler-tips-satelec-stk2r\/","title":{"rendered":"Scaler tips SATELEC sTK2R"},"content":{"rendered":"<p>Uz labo pusi orient\u0113ta uztur\u0113\u0161ana. Ieteicams<br \/>\nvid\u0113ji dzi\u013cu l\u012bdz dzi\u013cu kabatu uztur\u0113\u0161ana un<br \/>\nfurkaoni. Ekvivalents Nabersa zondei.<\/p>","protected":false},"excerpt":{"rendered":"<p>PERIO<\/p>","protected":false},"featured_media":5059,"template":"","meta":[],"product_brand":[107],"product_cat":[58,114],"product_tag":[],"class_list":{"0":"post-3341","1":"product","2":"type-product","3":"status-publish","4":"has-post-thumbnail","6":"product_brand-xpedent","7":"product_cat-xpedent","8":"product_cat-hygiene","10":"first","11":"instock","12":"shipping-taxable","13":"purchasable","14":"product-type-simple"},"_links":{"self":[{"href":"https:\/\/goldberg.lv\/lv\/wp-json\/wp\/v2\/product\/3341","targetHints":{"allow":["GET"]}}],"collection":[{"href":"https:\/\/goldberg.lv\/lv\/wp-json\/wp\/v2\/product"}],"about":[{"href":"https:\/\/goldberg.lv\/lv\/wp-json\/wp\/v2\/types\/product"}],"wp:featuredmedia":[{"embeddable":true,"href":"https:\/\/goldberg.lv\/lv\/wp-json\/wp\/v2\/media\/5059"}],"wp:attachment":[{"href":"https:\/\/goldberg.lv\/lv\/wp-json\/wp\/v2\/media?parent=3341"}],"wp:term":[{"taxonomy":"product_brand","embeddable":true,"href":"https:\/\/goldberg.lv\/lv\/wp-json\/wp\/v2\/product_brand?post=3341"},{"taxonomy":"product_cat","embeddable":true,"href":"https:\/\/goldberg.lv\/lv\/wp-json\/wp\/v2\/product_cat?post=3341"},{"taxonomy":"product_tag","embeddable":true,"href":"https:\/\/goldberg.lv\/lv\/wp-json\/wp\/v2\/product_tag?post=3341"}],"curies":[{"name":"wp","href":"https:\/\/api.w.org\/{rel}","templated":true}]}}