{"id":3338,"date":"2025-11-03T15:08:43","date_gmt":"2025-11-03T12:08:43","guid":{"rendered":"https:\/\/goldberg.lv\/shop\/scaler-tips-satelec-stk1l\/"},"modified":"2026-04-15T17:49:43","modified_gmt":"2026-04-15T14:49:43","slug":"scaler-tips-satelec-stk1l","status":"publish","type":"product","link":"https:\/\/goldberg.lv\/lv\/shop\/scaler-tips-satelec-stk1l\/","title":{"rendered":"Scaler tips SATELEC sTK1L"},"content":{"rendered":"<p>Papla\u0161in\u0101t\u0101 zonde. Ide\u0101li piem\u0113rots, lai p\u0101rbaud\u012btu un<br \/>\nvid\u0113ji dzi\u013cu un dzi\u013cu kabatu (&gt; 4 mm) uztur\u0113\u0161ana. A<br \/>\ndiagnostikas pal\u012bgl\u012bdzeklis, ko izmanto atdal\u012b\u0161anas un<br \/>\nkabatu irig\u0101cija.<\/p>","protected":false},"excerpt":{"rendered":"<p>PERIO<\/p>","protected":false},"featured_media":5063,"template":"","meta":[],"product_brand":[107],"product_cat":[58,114],"product_tag":[],"class_list":{"0":"post-3338","1":"product","2":"type-product","3":"status-publish","4":"has-post-thumbnail","6":"product_brand-xpedent","7":"product_cat-xpedent","8":"product_cat-hygiene","10":"first","11":"instock","12":"shipping-taxable","13":"purchasable","14":"product-type-simple"},"_links":{"self":[{"href":"https:\/\/goldberg.lv\/lv\/wp-json\/wp\/v2\/product\/3338","targetHints":{"allow":["GET"]}}],"collection":[{"href":"https:\/\/goldberg.lv\/lv\/wp-json\/wp\/v2\/product"}],"about":[{"href":"https:\/\/goldberg.lv\/lv\/wp-json\/wp\/v2\/types\/product"}],"wp:featuredmedia":[{"embeddable":true,"href":"https:\/\/goldberg.lv\/lv\/wp-json\/wp\/v2\/media\/5063"}],"wp:attachment":[{"href":"https:\/\/goldberg.lv\/lv\/wp-json\/wp\/v2\/media?parent=3338"}],"wp:term":[{"taxonomy":"product_brand","embeddable":true,"href":"https:\/\/goldberg.lv\/lv\/wp-json\/wp\/v2\/product_brand?post=3338"},{"taxonomy":"product_cat","embeddable":true,"href":"https:\/\/goldberg.lv\/lv\/wp-json\/wp\/v2\/product_cat?post=3338"},{"taxonomy":"product_tag","embeddable":true,"href":"https:\/\/goldberg.lv\/lv\/wp-json\/wp\/v2\/product_tag?post=3338"}],"curies":[{"name":"wp","href":"https:\/\/api.w.org\/{rel}","templated":true}]}}