{"id":3333,"date":"2025-11-03T15:08:38","date_gmt":"2025-11-03T12:08:38","guid":{"rendered":"https:\/\/goldberg.lv\/shop\/scaler-tips-satelec-sbd1\/"},"modified":"2026-04-15T16:20:26","modified_gmt":"2026-04-15T13:20:26","slug":"scaler-tips-satelec-sbd1","status":"publish","type":"product","link":"https:\/\/goldberg.lv\/lv\/shop\/scaler-tips-satelec-sbd1\/","title":{"rendered":"Scaler tips SATELEC SBD1"},"content":{"rendered":"<p>Lod\u012b\u0161u dimanta p, okl\u016bziju virsmu sagatavo\u0161anai un<br \/>\ndzemdes kakla kores.<\/p>","protected":false},"excerpt":{"rendered":"<p>DOBUMA SAGATAVO\u0160ANA<\/p>","protected":false},"featured_media":5072,"template":"","meta":[],"product_brand":[107],"product_cat":[58,111],"product_tag":[],"class_list":{"0":"post-3333","1":"product","2":"type-product","3":"status-publish","4":"has-post-thumbnail","6":"product_brand-xpedent","7":"product_cat-xpedent","8":"product_cat-therapy","10":"first","11":"instock","12":"shipping-taxable","13":"purchasable","14":"product-type-simple"},"_links":{"self":[{"href":"https:\/\/goldberg.lv\/lv\/wp-json\/wp\/v2\/product\/3333","targetHints":{"allow":["GET"]}}],"collection":[{"href":"https:\/\/goldberg.lv\/lv\/wp-json\/wp\/v2\/product"}],"about":[{"href":"https:\/\/goldberg.lv\/lv\/wp-json\/wp\/v2\/types\/product"}],"wp:featuredmedia":[{"embeddable":true,"href":"https:\/\/goldberg.lv\/lv\/wp-json\/wp\/v2\/media\/5072"}],"wp:attachment":[{"href":"https:\/\/goldberg.lv\/lv\/wp-json\/wp\/v2\/media?parent=3333"}],"wp:term":[{"taxonomy":"product_brand","embeddable":true,"href":"https:\/\/goldberg.lv\/lv\/wp-json\/wp\/v2\/product_brand?post=3333"},{"taxonomy":"product_cat","embeddable":true,"href":"https:\/\/goldberg.lv\/lv\/wp-json\/wp\/v2\/product_cat?post=3333"},{"taxonomy":"product_tag","embeddable":true,"href":"https:\/\/goldberg.lv\/lv\/wp-json\/wp\/v2\/product_tag?post=3333"}],"curies":[{"name":"wp","href":"https:\/\/api.w.org\/{rel}","templated":true}]}}