{"id":3322,"date":"2025-11-03T15:08:25","date_gmt":"2025-11-03T12:08:25","guid":{"rendered":"https:\/\/goldberg.lv\/shop\/scaler-tips-satelec-pd2rd\/"},"modified":"2026-04-15T16:20:20","modified_gmt":"2026-04-15T13:20:20","slug":"scaler-tips-satelec-pd2rd","status":"publish","type":"product","link":"https:\/\/goldberg.lv\/lv\/shop\/scaler-tips-satelec-pd2rd\/","title":{"rendered":"M\u0113rogmai\u0146u uzga\u013ci SATELEC PD2RD"},"content":{"rendered":"<p>Izliekts pa labi un p\u0101rkl\u0101ts ar dimanta p\u0101rkl\u0101jumu, lai nodro\u0161in\u0101tu dro\u0161u satiksmi<br \/>\nfurkaoni, starpzobu kauli\u0146i un \u013coti \u0161aurs<br \/>\ntelpas.<\/p>","protected":false},"excerpt":{"rendered":"<p>PERIO<\/p>","protected":false},"featured_media":5095,"template":"","meta":[],"product_brand":[107],"product_cat":[58,114],"product_tag":[],"class_list":{"0":"post-3322","1":"product","2":"type-product","3":"status-publish","4":"has-post-thumbnail","6":"product_brand-xpedent","7":"product_cat-xpedent","8":"product_cat-hygiene","10":"first","11":"instock","12":"shipping-taxable","13":"purchasable","14":"product-type-simple"},"_links":{"self":[{"href":"https:\/\/goldberg.lv\/lv\/wp-json\/wp\/v2\/product\/3322","targetHints":{"allow":["GET"]}}],"collection":[{"href":"https:\/\/goldberg.lv\/lv\/wp-json\/wp\/v2\/product"}],"about":[{"href":"https:\/\/goldberg.lv\/lv\/wp-json\/wp\/v2\/types\/product"}],"wp:featuredmedia":[{"embeddable":true,"href":"https:\/\/goldberg.lv\/lv\/wp-json\/wp\/v2\/media\/5095"}],"wp:attachment":[{"href":"https:\/\/goldberg.lv\/lv\/wp-json\/wp\/v2\/media?parent=3322"}],"wp:term":[{"taxonomy":"product_brand","embeddable":true,"href":"https:\/\/goldberg.lv\/lv\/wp-json\/wp\/v2\/product_brand?post=3322"},{"taxonomy":"product_cat","embeddable":true,"href":"https:\/\/goldberg.lv\/lv\/wp-json\/wp\/v2\/product_cat?post=3322"},{"taxonomy":"product_tag","embeddable":true,"href":"https:\/\/goldberg.lv\/lv\/wp-json\/wp\/v2\/product_tag?post=3322"}],"curies":[{"name":"wp","href":"https:\/\/api.w.org\/{rel}","templated":true}]}}