{"id":3303,"date":"2025-11-03T15:07:58","date_gmt":"2025-11-03T12:07:58","guid":{"rendered":"https:\/\/goldberg.lv\/shop\/scaler-tips-satelec-ed15d\/"},"modified":"2026-04-15T16:20:07","modified_gmt":"2026-04-15T13:20:07","slug":"scaler-tips-satelec-ed15d","status":"publish","type":"product","link":"https:\/\/goldberg.lv\/lv\/shop\/scaler-tips-satelec-ed15d\/","title":{"rendered":"Scaler tips SATELEC ED15D"},"content":{"rendered":"<p>Ar dimanta p\u0101rkl\u0101jumu, kas nodro\u0161ina lab\u0101ku cung un<br \/>\nnodilums. \u012apa\u0161i noder\u012bgs \u013coti<br \/>\ncietie materi\u0101li uz kan\u0101la sienas.<\/p>","protected":false},"excerpt":{"rendered":"<p>ENDO<\/p>","protected":false},"featured_media":5186,"template":"","meta":[],"product_brand":[107],"product_cat":[58,113],"product_tag":[],"class_list":{"0":"post-3303","1":"product","2":"type-product","3":"status-publish","4":"has-post-thumbnail","6":"product_brand-xpedent","7":"product_cat-xpedent","8":"product_cat-endodontics","10":"first","11":"instock","12":"shipping-taxable","13":"purchasable","14":"product-type-simple"},"_links":{"self":[{"href":"https:\/\/goldberg.lv\/lv\/wp-json\/wp\/v2\/product\/3303","targetHints":{"allow":["GET"]}}],"collection":[{"href":"https:\/\/goldberg.lv\/lv\/wp-json\/wp\/v2\/product"}],"about":[{"href":"https:\/\/goldberg.lv\/lv\/wp-json\/wp\/v2\/types\/product"}],"wp:featuredmedia":[{"embeddable":true,"href":"https:\/\/goldberg.lv\/lv\/wp-json\/wp\/v2\/media\/5186"}],"wp:attachment":[{"href":"https:\/\/goldberg.lv\/lv\/wp-json\/wp\/v2\/media?parent=3303"}],"wp:term":[{"taxonomy":"product_brand","embeddable":true,"href":"https:\/\/goldberg.lv\/lv\/wp-json\/wp\/v2\/product_brand?post=3303"},{"taxonomy":"product_cat","embeddable":true,"href":"https:\/\/goldberg.lv\/lv\/wp-json\/wp\/v2\/product_cat?post=3303"},{"taxonomy":"product_tag","embeddable":true,"href":"https:\/\/goldberg.lv\/lv\/wp-json\/wp\/v2\/product_tag?post=3303"}],"curies":[{"name":"wp","href":"https:\/\/api.w.org\/{rel}","templated":true}]}}