{"id":3301,"date":"2025-11-03T15:07:55","date_gmt":"2025-11-03T12:07:55","guid":{"rendered":"https:\/\/goldberg.lv\/shop\/scaler-tips-satelec-ed14\/"},"modified":"2026-04-15T16:20:01","modified_gmt":"2026-04-15T13:20:01","slug":"scaler-tips-satelec-ed14","status":"publish","type":"product","link":"https:\/\/goldberg.lv\/lv\/shop\/scaler-tips-satelec-ed14\/","title":{"rendered":"Scaler tips SATELEC ED14"},"content":{"rendered":"<p>\u0100tri no\u0146em obstrukcijas un salauztus<br \/>\ninstrumenti lielo instrumentu vid\u0113j\u0101 un aug\u0161\u0113j\u0101 tre\u0161da\u013c\u0101.<br \/>\nun taisni kan\u0101li.<\/p>","protected":false},"excerpt":{"rendered":"<p>ENDO<\/p>","protected":false},"featured_media":5189,"template":"","meta":[],"product_brand":[107],"product_cat":[58,113],"product_tag":[],"class_list":{"0":"post-3301","1":"product","2":"type-product","3":"status-publish","4":"has-post-thumbnail","6":"product_brand-xpedent","7":"product_cat-xpedent","8":"product_cat-endodontics","10":"first","11":"instock","12":"shipping-taxable","13":"purchasable","14":"product-type-simple"},"_links":{"self":[{"href":"https:\/\/goldberg.lv\/lv\/wp-json\/wp\/v2\/product\/3301","targetHints":{"allow":["GET"]}}],"collection":[{"href":"https:\/\/goldberg.lv\/lv\/wp-json\/wp\/v2\/product"}],"about":[{"href":"https:\/\/goldberg.lv\/lv\/wp-json\/wp\/v2\/types\/product"}],"wp:featuredmedia":[{"embeddable":true,"href":"https:\/\/goldberg.lv\/lv\/wp-json\/wp\/v2\/media\/5189"}],"wp:attachment":[{"href":"https:\/\/goldberg.lv\/lv\/wp-json\/wp\/v2\/media?parent=3301"}],"wp:term":[{"taxonomy":"product_brand","embeddable":true,"href":"https:\/\/goldberg.lv\/lv\/wp-json\/wp\/v2\/product_brand?post=3301"},{"taxonomy":"product_cat","embeddable":true,"href":"https:\/\/goldberg.lv\/lv\/wp-json\/wp\/v2\/product_cat?post=3301"},{"taxonomy":"product_tag","embeddable":true,"href":"https:\/\/goldberg.lv\/lv\/wp-json\/wp\/v2\/product_tag?post=3301"}],"curies":[{"name":"wp","href":"https:\/\/api.w.org\/{rel}","templated":true}]}}