{"id":3300,"date":"2025-11-03T15:07:53","date_gmt":"2025-11-03T12:07:53","guid":{"rendered":"https:\/\/goldberg.lv\/shop\/scaler-tips-satelec-ed11d\/"},"modified":"2026-04-15T16:20:01","modified_gmt":"2026-04-15T13:20:01","slug":"scaler-tips-satelec-ed11d","status":"publish","type":"product","link":"https:\/\/goldberg.lv\/lv\/shop\/scaler-tips-satelec-ed11d\/","title":{"rendered":"Scaler tips SATELEC ED11D"},"content":{"rendered":"<p>Ar dimanta p\u0101rkl\u0101jumu, uzlabotu cung un<br \/>\nabraz\u012bvais sp\u0113ks; \u012bpa\u0161i noder\u012bgs, lai no\u0146emtu<br \/>\n\u013coti cieti materi\u0101li uz kan\u0101la sieni\u0146as un s\u0101nu<br \/>\ncung.<\/p>","protected":false},"excerpt":{"rendered":"<p>RETRO<\/p>","protected":false},"featured_media":5191,"template":"","meta":[],"product_brand":[107],"product_cat":[58],"product_tag":[],"class_list":{"0":"post-3300","1":"product","2":"type-product","3":"status-publish","4":"has-post-thumbnail","6":"product_brand-xpedent","7":"product_cat-xpedent","9":"first","10":"instock","11":"shipping-taxable","12":"purchasable","13":"product-type-simple"},"_links":{"self":[{"href":"https:\/\/goldberg.lv\/lv\/wp-json\/wp\/v2\/product\/3300","targetHints":{"allow":["GET"]}}],"collection":[{"href":"https:\/\/goldberg.lv\/lv\/wp-json\/wp\/v2\/product"}],"about":[{"href":"https:\/\/goldberg.lv\/lv\/wp-json\/wp\/v2\/types\/product"}],"wp:featuredmedia":[{"embeddable":true,"href":"https:\/\/goldberg.lv\/lv\/wp-json\/wp\/v2\/media\/5191"}],"wp:attachment":[{"href":"https:\/\/goldberg.lv\/lv\/wp-json\/wp\/v2\/media?parent=3300"}],"wp:term":[{"taxonomy":"product_brand","embeddable":true,"href":"https:\/\/goldberg.lv\/lv\/wp-json\/wp\/v2\/product_brand?post=3300"},{"taxonomy":"product_cat","embeddable":true,"href":"https:\/\/goldberg.lv\/lv\/wp-json\/wp\/v2\/product_cat?post=3300"},{"taxonomy":"product_tag","embeddable":true,"href":"https:\/\/goldberg.lv\/lv\/wp-json\/wp\/v2\/product_tag?post=3300"}],"curies":[{"name":"wp","href":"https:\/\/api.w.org\/{rel}","templated":true}]}}