{"id":3283,"date":"2025-11-03T15:07:34","date_gmt":"2025-11-03T12:07:34","guid":{"rendered":"https:\/\/goldberg.lv\/shop\/scaler-tips-nsk-ng6\/"},"modified":"2026-04-15T16:19:52","modified_gmt":"2026-04-15T13:19:52","slug":"scaler-tips-nsk-ng6","status":"publish","type":"product","link":"https:\/\/goldberg.lv\/lv\/shop\/scaler-tips-nsk-ng6\/","title":{"rendered":"Scaler tips NSK nG6"},"content":{"rendered":"<p>Slim. Supragingiv\u0101lo un margin\u0101lo smaganu no\u0146em\u0161ana<br \/>\nakme\u0146u un akme\u0146u no\u0146em\u0161ana no starproksim\u0101l\u0101<br \/>\ntelpas.<\/p>","protected":false},"excerpt":{"rendered":"<p>SCALING<\/p>\n<p>Xpedent ps piem\u0113rots lieto\u0161anai ar VARIOS\u00ae<\/p>","protected":false},"featured_media":5216,"template":"","meta":[],"product_brand":[107],"product_cat":[58,114],"product_tag":[],"class_list":{"0":"post-3283","1":"product","2":"type-product","3":"status-publish","4":"has-post-thumbnail","6":"product_brand-xpedent","7":"product_cat-xpedent","8":"product_cat-hygiene","10":"first","11":"instock","12":"shipping-taxable","13":"purchasable","14":"product-type-simple"},"_links":{"self":[{"href":"https:\/\/goldberg.lv\/lv\/wp-json\/wp\/v2\/product\/3283","targetHints":{"allow":["GET"]}}],"collection":[{"href":"https:\/\/goldberg.lv\/lv\/wp-json\/wp\/v2\/product"}],"about":[{"href":"https:\/\/goldberg.lv\/lv\/wp-json\/wp\/v2\/types\/product"}],"wp:featuredmedia":[{"embeddable":true,"href":"https:\/\/goldberg.lv\/lv\/wp-json\/wp\/v2\/media\/5216"}],"wp:attachment":[{"href":"https:\/\/goldberg.lv\/lv\/wp-json\/wp\/v2\/media?parent=3283"}],"wp:term":[{"taxonomy":"product_brand","embeddable":true,"href":"https:\/\/goldberg.lv\/lv\/wp-json\/wp\/v2\/product_brand?post=3283"},{"taxonomy":"product_cat","embeddable":true,"href":"https:\/\/goldberg.lv\/lv\/wp-json\/wp\/v2\/product_cat?post=3283"},{"taxonomy":"product_tag","embeddable":true,"href":"https:\/\/goldberg.lv\/lv\/wp-json\/wp\/v2\/product_tag?post=3283"}],"curies":[{"name":"wp","href":"https:\/\/api.w.org\/{rel}","templated":true}]}}