{"id":3282,"date":"2025-11-03T15:07:33","date_gmt":"2025-11-03T12:07:33","guid":{"rendered":"https:\/\/goldberg.lv\/shop\/scaler-tips-nsk-ng16\/"},"modified":"2026-04-15T16:19:51","modified_gmt":"2026-04-15T13:19:51","slug":"scaler-tips-nsk-ng16","status":"publish","type":"product","link":"https:\/\/goldberg.lv\/lv\/shop\/scaler-tips-nsk-ng16\/","title":{"rendered":"Scaler tips NSK nG16"},"content":{"rendered":"<p>Starpproksim\u0101l\u0101. Akme\u0146u no\u0146em\u0161ana no interproksim\u0101l\u0101<br \/>\nteritorijas.<\/p>","protected":false},"excerpt":{"rendered":"<p>SCALING<\/p>\n<p>Xpedent ps piem\u0113rots lieto\u0161anai ar VARIOS\u00ae<\/p>","protected":false},"featured_media":5217,"template":"","meta":[],"product_brand":[107],"product_cat":[58,114],"product_tag":[],"class_list":{"0":"post-3282","1":"product","2":"type-product","3":"status-publish","4":"has-post-thumbnail","6":"product_brand-xpedent","7":"product_cat-xpedent","8":"product_cat-hygiene","10":"first","11":"instock","12":"shipping-taxable","13":"purchasable","14":"product-type-simple"},"_links":{"self":[{"href":"https:\/\/goldberg.lv\/lv\/wp-json\/wp\/v2\/product\/3282","targetHints":{"allow":["GET"]}}],"collection":[{"href":"https:\/\/goldberg.lv\/lv\/wp-json\/wp\/v2\/product"}],"about":[{"href":"https:\/\/goldberg.lv\/lv\/wp-json\/wp\/v2\/types\/product"}],"wp:featuredmedia":[{"embeddable":true,"href":"https:\/\/goldberg.lv\/lv\/wp-json\/wp\/v2\/media\/5217"}],"wp:attachment":[{"href":"https:\/\/goldberg.lv\/lv\/wp-json\/wp\/v2\/media?parent=3282"}],"wp:term":[{"taxonomy":"product_brand","embeddable":true,"href":"https:\/\/goldberg.lv\/lv\/wp-json\/wp\/v2\/product_brand?post=3282"},{"taxonomy":"product_cat","embeddable":true,"href":"https:\/\/goldberg.lv\/lv\/wp-json\/wp\/v2\/product_cat?post=3282"},{"taxonomy":"product_tag","embeddable":true,"href":"https:\/\/goldberg.lv\/lv\/wp-json\/wp\/v2\/product_tag?post=3282"}],"curies":[{"name":"wp","href":"https:\/\/api.w.org\/{rel}","templated":true}]}}