{"id":3270,"date":"2025-11-03T15:07:19","date_gmt":"2025-11-03T12:07:19","guid":{"rendered":"https:\/\/goldberg.lv\/shop\/scaler-tips-nsk-en1\/"},"modified":"2026-04-15T17:49:29","modified_gmt":"2026-04-15T14:49:29","slug":"scaler-tips-nsk-en1","status":"publish","type":"product","link":"https:\/\/goldberg.lv\/lv\/shop\/scaler-tips-nsk-en1\/","title":{"rendered":"Skaltera uzga\u013ci NSK EN1"},"content":{"rendered":"<p>120\u00b0 le\u0146\u0137a tur\u0113t\u0101js lieto\u0161anai ar Xpedent U veida v\u012bl\u0113m ar<br \/>\nk\u0101ta diametrs ir 0,57 mm, \u0161o uzgal\u012bti parasti izmanto, lai<br \/>\npriek\u0161\u0113jo sak\u0146u kan\u0101lu t\u012br\u012b\u0161ana.<\/p>","protected":false},"excerpt":{"rendered":"<p>ENDO<\/p>","protected":false},"featured_media":5237,"template":"","meta":[],"product_brand":[107],"product_cat":[58,113],"product_tag":[],"class_list":{"0":"post-3270","1":"product","2":"type-product","3":"status-publish","4":"has-post-thumbnail","6":"product_brand-xpedent","7":"product_cat-xpedent","8":"product_cat-endodontics","10":"first","11":"instock","12":"shipping-taxable","13":"purchasable","14":"product-type-simple"},"_links":{"self":[{"href":"https:\/\/goldberg.lv\/lv\/wp-json\/wp\/v2\/product\/3270","targetHints":{"allow":["GET"]}}],"collection":[{"href":"https:\/\/goldberg.lv\/lv\/wp-json\/wp\/v2\/product"}],"about":[{"href":"https:\/\/goldberg.lv\/lv\/wp-json\/wp\/v2\/types\/product"}],"wp:featuredmedia":[{"embeddable":true,"href":"https:\/\/goldberg.lv\/lv\/wp-json\/wp\/v2\/media\/5237"}],"wp:attachment":[{"href":"https:\/\/goldberg.lv\/lv\/wp-json\/wp\/v2\/media?parent=3270"}],"wp:term":[{"taxonomy":"product_brand","embeddable":true,"href":"https:\/\/goldberg.lv\/lv\/wp-json\/wp\/v2\/product_brand?post=3270"},{"taxonomy":"product_cat","embeddable":true,"href":"https:\/\/goldberg.lv\/lv\/wp-json\/wp\/v2\/product_cat?post=3270"},{"taxonomy":"product_tag","embeddable":true,"href":"https:\/\/goldberg.lv\/lv\/wp-json\/wp\/v2\/product_tag?post=3270"}],"curies":[{"name":"wp","href":"https:\/\/api.w.org\/{rel}","templated":true}]}}