{"id":3263,"date":"2025-11-03T15:07:09","date_gmt":"2025-11-03T12:07:09","guid":{"rendered":"https:\/\/goldberg.lv\/shop\/scaler-tips-mectron-ul4\/"},"modified":"2026-04-15T16:19:41","modified_gmt":"2026-04-15T13:19:41","slug":"scaler-tips-mectron-ul4","status":"publish","type":"product","link":"https:\/\/goldberg.lv\/lv\/shop\/scaler-tips-mectron-ul4\/","title":{"rendered":"Skalera uzga\u013ci Mectron UL4"},"content":{"rendered":"<p>Sinusa kaula loga osteotomija.Periodonta osteotomija,<br \/>\nvainaga pagarin\u0101\u0161ana, kaulu \u0161\u0137embu iz\u0146em\u0161ana, iekaisums<br \/>\nprobl\u0113mu (cistu u. c.) iz\u0146em\u0161ana.<\/p>","protected":false},"excerpt":{"rendered":"<p>SINUS LIFTING<\/p>","protected":false},"featured_media":5252,"template":"","meta":[],"product_brand":[107],"product_cat":[58,112],"product_tag":[],"class_list":{"0":"post-3263","1":"product","2":"type-product","3":"status-publish","4":"has-post-thumbnail","6":"product_brand-xpedent","7":"product_cat-xpedent","8":"product_cat-surgery","10":"first","11":"instock","12":"shipping-taxable","13":"purchasable","14":"product-type-simple"},"_links":{"self":[{"href":"https:\/\/goldberg.lv\/lv\/wp-json\/wp\/v2\/product\/3263","targetHints":{"allow":["GET"]}}],"collection":[{"href":"https:\/\/goldberg.lv\/lv\/wp-json\/wp\/v2\/product"}],"about":[{"href":"https:\/\/goldberg.lv\/lv\/wp-json\/wp\/v2\/types\/product"}],"wp:featuredmedia":[{"embeddable":true,"href":"https:\/\/goldberg.lv\/lv\/wp-json\/wp\/v2\/media\/5252"}],"wp:attachment":[{"href":"https:\/\/goldberg.lv\/lv\/wp-json\/wp\/v2\/media?parent=3263"}],"wp:term":[{"taxonomy":"product_brand","embeddable":true,"href":"https:\/\/goldberg.lv\/lv\/wp-json\/wp\/v2\/product_brand?post=3263"},{"taxonomy":"product_cat","embeddable":true,"href":"https:\/\/goldberg.lv\/lv\/wp-json\/wp\/v2\/product_cat?post=3263"},{"taxonomy":"product_tag","embeddable":true,"href":"https:\/\/goldberg.lv\/lv\/wp-json\/wp\/v2\/product_tag?post=3263"}],"curies":[{"name":"wp","href":"https:\/\/api.w.org\/{rel}","templated":true}]}}