{"id":3248,"date":"2025-11-03T15:06:46","date_gmt":"2025-11-03T12:06:46","guid":{"rendered":"https:\/\/goldberg.lv\/shop\/scaler-tips-kavo-k5a\/"},"modified":"2026-04-15T17:49:27","modified_gmt":"2026-04-15T14:49:27","slug":"scaler-tips-kavo-k5a","status":"publish","type":"product","link":"https:\/\/goldberg.lv\/lv\/shop\/scaler-tips-kavo-k5a\/","title":{"rendered":"Scaler tips KaVo K5A"},"content":{"rendered":"<p>Visp\u0101r\u012bgi.Zobakmens no\u0146em\u0161anai no vis\u0101m zobu virsm\u0101m.<\/p>","protected":false},"excerpt":{"rendered":"<p>SCALING<\/p>\n<p>Xpedent uzga\u013ci, kas piem\u0113roti lieto\u0161anai ar Sonicflex quick\u00ae<\/p>","protected":false},"featured_media":5349,"template":"","meta":[],"product_brand":[107],"product_cat":[58,114],"product_tag":[],"class_list":{"0":"post-3248","1":"product","2":"type-product","3":"status-publish","4":"has-post-thumbnail","6":"product_brand-xpedent","7":"product_cat-xpedent","8":"product_cat-hygiene","10":"first","11":"instock","12":"shipping-taxable","13":"purchasable","14":"product-type-simple"},"_links":{"self":[{"href":"https:\/\/goldberg.lv\/lv\/wp-json\/wp\/v2\/product\/3248","targetHints":{"allow":["GET"]}}],"collection":[{"href":"https:\/\/goldberg.lv\/lv\/wp-json\/wp\/v2\/product"}],"about":[{"href":"https:\/\/goldberg.lv\/lv\/wp-json\/wp\/v2\/types\/product"}],"wp:featuredmedia":[{"embeddable":true,"href":"https:\/\/goldberg.lv\/lv\/wp-json\/wp\/v2\/media\/5349"}],"wp:attachment":[{"href":"https:\/\/goldberg.lv\/lv\/wp-json\/wp\/v2\/media?parent=3248"}],"wp:term":[{"taxonomy":"product_brand","embeddable":true,"href":"https:\/\/goldberg.lv\/lv\/wp-json\/wp\/v2\/product_brand?post=3248"},{"taxonomy":"product_cat","embeddable":true,"href":"https:\/\/goldberg.lv\/lv\/wp-json\/wp\/v2\/product_cat?post=3248"},{"taxonomy":"product_tag","embeddable":true,"href":"https:\/\/goldberg.lv\/lv\/wp-json\/wp\/v2\/product_tag?post=3248"}],"curies":[{"name":"wp","href":"https:\/\/api.w.org\/{rel}","templated":true}]}}