{"id":3237,"date":"2025-11-03T15:06:30","date_gmt":"2025-11-03T12:06:30","guid":{"rendered":"https:\/\/goldberg.lv\/shop\/scaler-tips-kavo-k10gc1\/"},"modified":"2026-04-15T16:19:27","modified_gmt":"2026-04-15T13:19:27","slug":"scaler-tips-kavo-k10gc1","status":"publish","type":"product","link":"https:\/\/goldberg.lv\/lv\/shop\/scaler-tips-kavo-k10gc1\/","title":{"rendered":"Scaler tips KaVo K#10(GC1)"},"content":{"rendered":"<p>Perio.Izmanto, lai no\u0146emtu zobakmeni un bakt\u0113riju aplikumu no<br \/>\nsupragingiv\u0101lais starpzobu kauls.<\/p>","protected":false},"excerpt":{"rendered":"<p>SKALO\u0160ANA UN PERIO<\/p>\n<p>Xpedent uzga\u013ci, kas piem\u0113roti lieto\u0161anai ar Piezolux\u00ae &amp; Sonoso\u00ae<\/p>\n<p>&nbsp;<\/p>","protected":false},"featured_media":5385,"template":"","meta":[],"product_brand":[107],"product_cat":[58,114],"product_tag":[],"class_list":{"0":"post-3237","1":"product","2":"type-product","3":"status-publish","4":"has-post-thumbnail","6":"product_brand-xpedent","7":"product_cat-xpedent","8":"product_cat-hygiene","10":"first","11":"instock","12":"shipping-taxable","13":"purchasable","14":"product-type-simple"},"_links":{"self":[{"href":"https:\/\/goldberg.lv\/lv\/wp-json\/wp\/v2\/product\/3237","targetHints":{"allow":["GET"]}}],"collection":[{"href":"https:\/\/goldberg.lv\/lv\/wp-json\/wp\/v2\/product"}],"about":[{"href":"https:\/\/goldberg.lv\/lv\/wp-json\/wp\/v2\/types\/product"}],"wp:featuredmedia":[{"embeddable":true,"href":"https:\/\/goldberg.lv\/lv\/wp-json\/wp\/v2\/media\/5385"}],"wp:attachment":[{"href":"https:\/\/goldberg.lv\/lv\/wp-json\/wp\/v2\/media?parent=3237"}],"wp:term":[{"taxonomy":"product_brand","embeddable":true,"href":"https:\/\/goldberg.lv\/lv\/wp-json\/wp\/v2\/product_brand?post=3237"},{"taxonomy":"product_cat","embeddable":true,"href":"https:\/\/goldberg.lv\/lv\/wp-json\/wp\/v2\/product_cat?post=3237"},{"taxonomy":"product_tag","embeddable":true,"href":"https:\/\/goldberg.lv\/lv\/wp-json\/wp\/v2\/product_tag?post=3237"}],"curies":[{"name":"wp","href":"https:\/\/api.w.org\/{rel}","templated":true}]}}