{"id":3234,"date":"2025-11-03T15:06:26","date_gmt":"2025-11-03T12:06:26","guid":{"rendered":"https:\/\/goldberg.lv\/shop\/scaler-tips-kavo-ek8\/"},"modified":"2026-04-15T17:49:20","modified_gmt":"2026-04-15T14:49:20","slug":"scaler-tips-kavo-ek8","status":"publish","type":"product","link":"https:\/\/goldberg.lv\/lv\/shop\/scaler-tips-kavo-ek8\/","title":{"rendered":"Scaler tips KaVo EK8"},"content":{"rendered":"<p>FG-bur tur\u0113t\u0101js.Zobu kan\u0101lu papla\u0161in\u0101\u0161anai un zobu sl\u012bp\u0113\u0161anai izmanto FG-bur tur\u0113t\u0101ju.<\/p>","protected":false},"excerpt":{"rendered":"<p>Xpedent uzga\u013ci, kas piem\u0113roti lieto\u0161anai ar Sonicflex\u00ae<\/p>","protected":false},"featured_media":5390,"template":"","meta":[],"product_brand":[107],"product_cat":[58],"product_tag":[],"class_list":{"0":"post-3234","1":"product","2":"type-product","3":"status-publish","4":"has-post-thumbnail","6":"product_brand-xpedent","7":"product_cat-xpedent","9":"first","10":"instock","11":"shipping-taxable","12":"purchasable","13":"product-type-simple"},"_links":{"self":[{"href":"https:\/\/goldberg.lv\/lv\/wp-json\/wp\/v2\/product\/3234","targetHints":{"allow":["GET"]}}],"collection":[{"href":"https:\/\/goldberg.lv\/lv\/wp-json\/wp\/v2\/product"}],"about":[{"href":"https:\/\/goldberg.lv\/lv\/wp-json\/wp\/v2\/types\/product"}],"wp:featuredmedia":[{"embeddable":true,"href":"https:\/\/goldberg.lv\/lv\/wp-json\/wp\/v2\/media\/5390"}],"wp:attachment":[{"href":"https:\/\/goldberg.lv\/lv\/wp-json\/wp\/v2\/media?parent=3234"}],"wp:term":[{"taxonomy":"product_brand","embeddable":true,"href":"https:\/\/goldberg.lv\/lv\/wp-json\/wp\/v2\/product_brand?post=3234"},{"taxonomy":"product_cat","embeddable":true,"href":"https:\/\/goldberg.lv\/lv\/wp-json\/wp\/v2\/product_cat?post=3234"},{"taxonomy":"product_tag","embeddable":true,"href":"https:\/\/goldberg.lv\/lv\/wp-json\/wp\/v2\/product_tag?post=3234"}],"curies":[{"name":"wp","href":"https:\/\/api.w.org\/{rel}","templated":true}]}}