{"id":3233,"date":"2025-11-03T15:06:24","date_gmt":"2025-11-03T12:06:24","guid":{"rendered":"https:\/\/goldberg.lv\/shop\/scaler-tips-ems-srogp\/"},"modified":"2026-04-15T16:19:25","modified_gmt":"2026-04-15T13:19:25","slug":"scaler-tips-ems-srogp","status":"publish","type":"product","link":"https:\/\/goldberg.lv\/lv\/shop\/scaler-tips-ems-srogp\/","title":{"rendered":"Scaler padomi EMS eROGP"},"content":{"rendered":"<p>Piek\u013cuve garajiem kan\u0101liem.ROGP p tiek izmantots, lai piek\u013c\u016btu apgabaliem<br \/>\nkas netiek sasniegts ar citiem padomiem.\u012apa\u0161i efekt\u012bvs<br \/>\natk\u0101p\u0161an\u0101s, jo \u012bpa\u0161i garos ov\u0101los kan\u0101los, kur liel\u0101k\u0101 da\u013ca<br \/>\nciti padomi neb\u016btu piem\u0113roti.Lieliski piem\u0113rots Gua-Percha<br \/>\nno\u0146em\u0161ana.<\/p>","protected":false},"excerpt":{"rendered":"<p>ENDO<\/p>","protected":false},"featured_media":5400,"template":"","meta":[],"product_brand":[107],"product_cat":[58,113],"product_tag":[],"class_list":{"0":"post-3233","1":"product","2":"type-product","3":"status-publish","4":"has-post-thumbnail","6":"product_brand-xpedent","7":"product_cat-xpedent","8":"product_cat-endodontics","10":"first","11":"instock","12":"shipping-taxable","13":"purchasable","14":"product-type-simple"},"_links":{"self":[{"href":"https:\/\/goldberg.lv\/lv\/wp-json\/wp\/v2\/product\/3233","targetHints":{"allow":["GET"]}}],"collection":[{"href":"https:\/\/goldberg.lv\/lv\/wp-json\/wp\/v2\/product"}],"about":[{"href":"https:\/\/goldberg.lv\/lv\/wp-json\/wp\/v2\/types\/product"}],"wp:featuredmedia":[{"embeddable":true,"href":"https:\/\/goldberg.lv\/lv\/wp-json\/wp\/v2\/media\/5400"}],"wp:attachment":[{"href":"https:\/\/goldberg.lv\/lv\/wp-json\/wp\/v2\/media?parent=3233"}],"wp:term":[{"taxonomy":"product_brand","embeddable":true,"href":"https:\/\/goldberg.lv\/lv\/wp-json\/wp\/v2\/product_brand?post=3233"},{"taxonomy":"product_cat","embeddable":true,"href":"https:\/\/goldberg.lv\/lv\/wp-json\/wp\/v2\/product_cat?post=3233"},{"taxonomy":"product_tag","embeddable":true,"href":"https:\/\/goldberg.lv\/lv\/wp-json\/wp\/v2\/product_tag?post=3233"}],"curies":[{"name":"wp","href":"https:\/\/api.w.org\/{rel}","templated":true}]}}