{"id":3232,"date":"2025-11-03T15:06:23","date_gmt":"2025-11-03T12:06:23","guid":{"rendered":"https:\/\/goldberg.lv\/shop\/scaler-tips-ems-sbl\/"},"modified":"2026-04-15T16:19:24","modified_gmt":"2026-04-15T13:19:24","slug":"scaler-tips-ems-sbl","status":"publish","type":"product","link":"https:\/\/goldberg.lv\/lv\/shop\/scaler-tips-ems-sbl\/","title":{"rendered":"Scaler tips EMS SBL"},"content":{"rendered":"<p>Da\u013c\u0113ji sf\u0113risks dimants p, kas novietots 45\u00b0 le\u0146\u0137\u012b pret kreiso pusi.\u013bauj<br \/>\ndenst, lai no\u0146emtu kariesa boj\u0101tus zobu laukumus, neboj\u0101jot blakus eso\u0161os zobus.<\/p>","protected":false},"excerpt":{"rendered":"<p>DOBUMA SAGATAVO\u0160ANA<\/p>","protected":false},"featured_media":5403,"template":"","meta":[],"product_brand":[107],"product_cat":[58],"product_tag":[],"class_list":{"0":"post-3232","1":"product","2":"type-product","3":"status-publish","4":"has-post-thumbnail","6":"product_brand-xpedent","7":"product_cat-xpedent","9":"first","10":"instock","11":"shipping-taxable","12":"purchasable","13":"product-type-simple"},"_links":{"self":[{"href":"https:\/\/goldberg.lv\/lv\/wp-json\/wp\/v2\/product\/3232","targetHints":{"allow":["GET"]}}],"collection":[{"href":"https:\/\/goldberg.lv\/lv\/wp-json\/wp\/v2\/product"}],"about":[{"href":"https:\/\/goldberg.lv\/lv\/wp-json\/wp\/v2\/types\/product"}],"wp:featuredmedia":[{"embeddable":true,"href":"https:\/\/goldberg.lv\/lv\/wp-json\/wp\/v2\/media\/5403"}],"wp:attachment":[{"href":"https:\/\/goldberg.lv\/lv\/wp-json\/wp\/v2\/media?parent=3232"}],"wp:term":[{"taxonomy":"product_brand","embeddable":true,"href":"https:\/\/goldberg.lv\/lv\/wp-json\/wp\/v2\/product_brand?post=3232"},{"taxonomy":"product_cat","embeddable":true,"href":"https:\/\/goldberg.lv\/lv\/wp-json\/wp\/v2\/product_cat?post=3232"},{"taxonomy":"product_tag","embeddable":true,"href":"https:\/\/goldberg.lv\/lv\/wp-json\/wp\/v2\/product_tag?post=3232"}],"curies":[{"name":"wp","href":"https:\/\/api.w.org\/{rel}","templated":true}]}}