{"id":3216,"date":"2025-11-03T15:06:01","date_gmt":"2025-11-03T12:06:01","guid":{"rendered":"https:\/\/goldberg.lv\/shop\/scaler-tips-ems-g3\/"},"modified":"2026-04-15T17:49:13","modified_gmt":"2026-04-15T14:49:13","slug":"scaler-tips-ems-g3","status":"publish","type":"product","link":"https:\/\/goldberg.lv\/lv\/shop\/scaler-tips-ems-g3\/","title":{"rendered":"Scaler tips EMS G3"},"content":{"rendered":"<p>Izmanto, lai no\u0146emtu akme\u0146u un bakt\u0113riju aplikumu no<br \/>\nsupragingiv\u0101l\u0101s starpzobu zonas.<\/p>","protected":false},"excerpt":{"rendered":"<p>SCALING<\/p>","protected":false},"featured_media":5551,"template":"","meta":[],"product_brand":[107],"product_cat":[58,114],"product_tag":[],"class_list":{"0":"post-3216","1":"product","2":"type-product","3":"status-publish","4":"has-post-thumbnail","6":"product_brand-xpedent","7":"product_cat-xpedent","8":"product_cat-hygiene","10":"first","11":"instock","12":"shipping-taxable","13":"purchasable","14":"product-type-simple"},"_links":{"self":[{"href":"https:\/\/goldberg.lv\/lv\/wp-json\/wp\/v2\/product\/3216","targetHints":{"allow":["GET"]}}],"collection":[{"href":"https:\/\/goldberg.lv\/lv\/wp-json\/wp\/v2\/product"}],"about":[{"href":"https:\/\/goldberg.lv\/lv\/wp-json\/wp\/v2\/types\/product"}],"wp:featuredmedia":[{"embeddable":true,"href":"https:\/\/goldberg.lv\/lv\/wp-json\/wp\/v2\/media\/5551"}],"wp:attachment":[{"href":"https:\/\/goldberg.lv\/lv\/wp-json\/wp\/v2\/media?parent=3216"}],"wp:term":[{"taxonomy":"product_brand","embeddable":true,"href":"https:\/\/goldberg.lv\/lv\/wp-json\/wp\/v2\/product_brand?post=3216"},{"taxonomy":"product_cat","embeddable":true,"href":"https:\/\/goldberg.lv\/lv\/wp-json\/wp\/v2\/product_cat?post=3216"},{"taxonomy":"product_tag","embeddable":true,"href":"https:\/\/goldberg.lv\/lv\/wp-json\/wp\/v2\/product_tag?post=3216"}],"curies":[{"name":"wp","href":"https:\/\/api.w.org\/{rel}","templated":true}]}}