{"id":3209,"date":"2025-11-03T15:05:53","date_gmt":"2025-11-03T12:05:53","guid":{"rendered":"https:\/\/goldberg.lv\/shop\/scaler-tips-ems-epl3\/"},"modified":"2026-04-15T17:49:11","modified_gmt":"2026-04-15T14:49:11","slug":"scaler-tips-ems-epl3","status":"publish","type":"product","link":"https:\/\/goldberg.lv\/lv\/shop\/scaler-tips-ems-epl3\/","title":{"rendered":"Skalera padomi EMS ePL3"},"content":{"rendered":"<p>Perio t\u012br\u012b\u0161ana.T\u012br\u012b\u0161anai un dezinfekcijai<br \/>\nperiodonta kabat\u0101m, tas ir \u012bpa\u0161i piem\u0113rots<br \/>\nperiodonta profilaktisk\u0101s p\u0101rbaudes un atk\u0101rtotas viz\u012btes.<br \/>\nuzturo\u0161iem pacientiem.<\/p>","protected":false},"excerpt":{"rendered":"<p>PERIO<\/p>","protected":false},"featured_media":5561,"template":"","meta":[],"product_brand":[107],"product_cat":[58,114],"product_tag":[],"class_list":{"0":"post-3209","1":"product","2":"type-product","3":"status-publish","4":"has-post-thumbnail","6":"product_brand-xpedent","7":"product_cat-xpedent","8":"product_cat-hygiene","10":"first","11":"instock","12":"shipping-taxable","13":"purchasable","14":"product-type-simple"},"_links":{"self":[{"href":"https:\/\/goldberg.lv\/lv\/wp-json\/wp\/v2\/product\/3209","targetHints":{"allow":["GET"]}}],"collection":[{"href":"https:\/\/goldberg.lv\/lv\/wp-json\/wp\/v2\/product"}],"about":[{"href":"https:\/\/goldberg.lv\/lv\/wp-json\/wp\/v2\/types\/product"}],"wp:featuredmedia":[{"embeddable":true,"href":"https:\/\/goldberg.lv\/lv\/wp-json\/wp\/v2\/media\/5561"}],"wp:attachment":[{"href":"https:\/\/goldberg.lv\/lv\/wp-json\/wp\/v2\/media?parent=3209"}],"wp:term":[{"taxonomy":"product_brand","embeddable":true,"href":"https:\/\/goldberg.lv\/lv\/wp-json\/wp\/v2\/product_brand?post=3209"},{"taxonomy":"product_cat","embeddable":true,"href":"https:\/\/goldberg.lv\/lv\/wp-json\/wp\/v2\/product_cat?post=3209"},{"taxonomy":"product_tag","embeddable":true,"href":"https:\/\/goldberg.lv\/lv\/wp-json\/wp\/v2\/product_tag?post=3209"}],"curies":[{"name":"wp","href":"https:\/\/api.w.org\/{rel}","templated":true}]}}