{"id":3206,"date":"2025-11-03T15:05:49","date_gmt":"2025-11-03T12:05:49","guid":{"rendered":"https:\/\/goldberg.lv\/shop\/scaler-tips-ems-eicp-set\/"},"modified":"2026-04-15T17:49:09","modified_gmt":"2026-04-15T14:49:09","slug":"scaler-tips-ems-eicp-set","status":"publish","type":"product","link":"https:\/\/goldberg.lv\/lv\/shop\/scaler-tips-ems-eicp-set\/","title":{"rendered":"Skalera uzga\u013ci EMS eICP SET"},"content":{"rendered":"<p>Implantu t\u012br\u012b\u0161ana. ICP uzgalis tiek izmantots zem un zem<br \/>\nimplantu un prot\u0113\u017eu virsdruku t\u012br\u012b\u0161ana..<br \/>\nnomain\u0101ms peek padara acon dro\u0161u un saudz\u012bgu.Uz<br \/>\nkomplekt\u0101 ir 1 ICP, 1 ICP uzgrie\u017e\u0146u atsl\u0113ga un 2 rezerves uzga\u013ci.<\/p>","protected":false},"excerpt":{"rendered":"<p>IMPLANTU T\u012aR\u012a\u0160ANA<\/p>","protected":false},"featured_media":5566,"template":"","meta":[],"product_brand":[107],"product_cat":[58,114],"product_tag":[],"class_list":{"0":"post-3206","1":"product","2":"type-product","3":"status-publish","4":"has-post-thumbnail","6":"product_brand-xpedent","7":"product_cat-xpedent","8":"product_cat-hygiene","10":"first","11":"outofstock","12":"shipping-taxable","13":"purchasable","14":"product-type-simple"},"_links":{"self":[{"href":"https:\/\/goldberg.lv\/lv\/wp-json\/wp\/v2\/product\/3206","targetHints":{"allow":["GET"]}}],"collection":[{"href":"https:\/\/goldberg.lv\/lv\/wp-json\/wp\/v2\/product"}],"about":[{"href":"https:\/\/goldberg.lv\/lv\/wp-json\/wp\/v2\/types\/product"}],"wp:featuredmedia":[{"embeddable":true,"href":"https:\/\/goldberg.lv\/lv\/wp-json\/wp\/v2\/media\/5566"}],"wp:attachment":[{"href":"https:\/\/goldberg.lv\/lv\/wp-json\/wp\/v2\/media?parent=3206"}],"wp:term":[{"taxonomy":"product_brand","embeddable":true,"href":"https:\/\/goldberg.lv\/lv\/wp-json\/wp\/v2\/product_brand?post=3206"},{"taxonomy":"product_cat","embeddable":true,"href":"https:\/\/goldberg.lv\/lv\/wp-json\/wp\/v2\/product_cat?post=3206"},{"taxonomy":"product_tag","embeddable":true,"href":"https:\/\/goldberg.lv\/lv\/wp-json\/wp\/v2\/product_tag?post=3206"}],"curies":[{"name":"wp","href":"https:\/\/api.w.org\/{rel}","templated":true}]}}