{"id":3198,"date":"2025-11-03T15:05:40","date_gmt":"2025-11-03T12:05:40","guid":{"rendered":"https:\/\/goldberg.lv\/shop\/scaler-tips-ems-e4d\/"},"modified":"2026-04-15T17:49:06","modified_gmt":"2026-04-15T14:49:06","slug":"scaler-tips-ems-e4d","status":"publish","type":"product","link":"https:\/\/goldberg.lv\/lv\/shop\/scaler-tips-ems-e4d\/","title":{"rendered":"Scaler padomi EMS E4D"},"content":{"rendered":"<p>Ar dimanta p\u0101rkl\u0101jumu, atliec\u0113m vai \u012bpa\u0161i cietiem materi\u0101liem.<\/p>","protected":false},"excerpt":{"rendered":"<p>ENDO<\/p>","protected":false},"featured_media":5576,"template":"","meta":[],"product_brand":[107],"product_cat":[58,113],"product_tag":[],"class_list":{"0":"post-3198","1":"product","2":"type-product","3":"status-publish","4":"has-post-thumbnail","6":"product_brand-xpedent","7":"product_cat-xpedent","8":"product_cat-endodontics","10":"first","11":"instock","12":"shipping-taxable","13":"purchasable","14":"product-type-simple"},"_links":{"self":[{"href":"https:\/\/goldberg.lv\/lv\/wp-json\/wp\/v2\/product\/3198","targetHints":{"allow":["GET"]}}],"collection":[{"href":"https:\/\/goldberg.lv\/lv\/wp-json\/wp\/v2\/product"}],"about":[{"href":"https:\/\/goldberg.lv\/lv\/wp-json\/wp\/v2\/types\/product"}],"wp:featuredmedia":[{"embeddable":true,"href":"https:\/\/goldberg.lv\/lv\/wp-json\/wp\/v2\/media\/5576"}],"wp:attachment":[{"href":"https:\/\/goldberg.lv\/lv\/wp-json\/wp\/v2\/media?parent=3198"}],"wp:term":[{"taxonomy":"product_brand","embeddable":true,"href":"https:\/\/goldberg.lv\/lv\/wp-json\/wp\/v2\/product_brand?post=3198"},{"taxonomy":"product_cat","embeddable":true,"href":"https:\/\/goldberg.lv\/lv\/wp-json\/wp\/v2\/product_cat?post=3198"},{"taxonomy":"product_tag","embeddable":true,"href":"https:\/\/goldberg.lv\/lv\/wp-json\/wp\/v2\/product_tag?post=3198"}],"curies":[{"name":"wp","href":"https:\/\/api.w.org\/{rel}","templated":true}]}}