{"id":3196,"date":"2025-11-03T15:05:38","date_gmt":"2025-11-03T12:05:38","guid":{"rendered":"https:\/\/goldberg.lv\/shop\/scaler-tips-ems-e3d\/"},"modified":"2026-04-15T17:49:01","modified_gmt":"2026-04-15T14:49:01","slug":"scaler-tips-ems-e3d","status":"publish","type":"product","link":"https:\/\/goldberg.lv\/lv\/shop\/scaler-tips-ems-e3d\/","title":{"rendered":"Skalera uzga\u013ci EMS E3D"},"content":{"rendered":"<p>Ar dimanta p\u0101rkl\u0101jumu, ko izmanto, lai no celulozes dobuma no\u0146emtu ka\u013c\u0137akmeni un sliktu pild\u012bjumu materi\u0101lu un<br \/>\np\u0101rkares celulozes kamera.<\/p>","protected":false},"excerpt":{"rendered":"<p>ENDO<\/p>","protected":false},"featured_media":5579,"template":"","meta":[],"product_brand":[107],"product_cat":[58,119],"product_tag":[],"class_list":{"0":"post-3196","1":"product","2":"type-product","3":"status-publish","4":"has-post-thumbnail","6":"product_brand-xpedent","7":"product_cat-xpedent","8":"product_cat-equipment","10":"first","11":"instock","12":"shipping-taxable","13":"purchasable","14":"product-type-simple"},"_links":{"self":[{"href":"https:\/\/goldberg.lv\/lv\/wp-json\/wp\/v2\/product\/3196","targetHints":{"allow":["GET"]}}],"collection":[{"href":"https:\/\/goldberg.lv\/lv\/wp-json\/wp\/v2\/product"}],"about":[{"href":"https:\/\/goldberg.lv\/lv\/wp-json\/wp\/v2\/types\/product"}],"wp:featuredmedia":[{"embeddable":true,"href":"https:\/\/goldberg.lv\/lv\/wp-json\/wp\/v2\/media\/5579"}],"wp:attachment":[{"href":"https:\/\/goldberg.lv\/lv\/wp-json\/wp\/v2\/media?parent=3196"}],"wp:term":[{"taxonomy":"product_brand","embeddable":true,"href":"https:\/\/goldberg.lv\/lv\/wp-json\/wp\/v2\/product_brand?post=3196"},{"taxonomy":"product_cat","embeddable":true,"href":"https:\/\/goldberg.lv\/lv\/wp-json\/wp\/v2\/product_cat?post=3196"},{"taxonomy":"product_tag","embeddable":true,"href":"https:\/\/goldberg.lv\/lv\/wp-json\/wp\/v2\/product_tag?post=3196"}],"curies":[{"name":"wp","href":"https:\/\/api.w.org\/{rel}","templated":true}]}}