{"id":3189,"date":"2025-11-03T15:05:27","date_gmt":"2025-11-03T12:05:27","guid":{"rendered":"https:\/\/goldberg.lv\/shop\/scaler-tips-ems-e10d\/"},"modified":"2026-04-15T16:18:58","modified_gmt":"2026-04-15T13:18:58","slug":"scaler-tips-ems-e10d","status":"publish","type":"product","link":"https:\/\/goldberg.lv\/lv\/shop\/scaler-tips-ems-e10d\/","title":{"rendered":"Skalera uzga\u013ci EMS E10D"},"content":{"rendered":"<p>Ar dimanta p\u0101rkl\u0101jumu, ko izmanto efekt\u012bvai apik\u0101lai pul\u0113\u0161anai<br \/>\npriek\u0161\u0113jie zobi.<\/p>","protected":false},"excerpt":{"rendered":"<p>RETRO<\/p>","protected":false},"featured_media":5588,"template":"","meta":[],"product_brand":[107],"product_cat":[58,113],"product_tag":[],"class_list":{"0":"post-3189","1":"product","2":"type-product","3":"status-publish","4":"has-post-thumbnail","6":"product_brand-xpedent","7":"product_cat-xpedent","8":"product_cat-endodontics","10":"first","11":"instock","12":"shipping-taxable","13":"purchasable","14":"product-type-simple"},"_links":{"self":[{"href":"https:\/\/goldberg.lv\/lv\/wp-json\/wp\/v2\/product\/3189","targetHints":{"allow":["GET"]}}],"collection":[{"href":"https:\/\/goldberg.lv\/lv\/wp-json\/wp\/v2\/product"}],"about":[{"href":"https:\/\/goldberg.lv\/lv\/wp-json\/wp\/v2\/types\/product"}],"wp:featuredmedia":[{"embeddable":true,"href":"https:\/\/goldberg.lv\/lv\/wp-json\/wp\/v2\/media\/5588"}],"wp:attachment":[{"href":"https:\/\/goldberg.lv\/lv\/wp-json\/wp\/v2\/media?parent=3189"}],"wp:term":[{"taxonomy":"product_brand","embeddable":true,"href":"https:\/\/goldberg.lv\/lv\/wp-json\/wp\/v2\/product_brand?post=3189"},{"taxonomy":"product_cat","embeddable":true,"href":"https:\/\/goldberg.lv\/lv\/wp-json\/wp\/v2\/product_cat?post=3189"},{"taxonomy":"product_tag","embeddable":true,"href":"https:\/\/goldberg.lv\/lv\/wp-json\/wp\/v2\/product_tag?post=3189"}],"curies":[{"name":"wp","href":"https:\/\/api.w.org\/{rel}","templated":true}]}}