{"id":3185,"date":"2025-11-03T15:05:22","date_gmt":"2025-11-03T12:05:22","guid":{"rendered":"https:\/\/goldberg.lv\/shop\/scaler-tips-amdent-a37\/"},"modified":"2026-04-15T16:18:56","modified_gmt":"2026-04-15T13:18:56","slug":"scaler-tips-amdent-a37","status":"publish","type":"product","link":"https:\/\/goldberg.lv\/lv\/shop\/scaler-tips-amdent-a37\/","title":{"rendered":"Skalera uzga\u013ci AMDENT a#37"},"content":{"rendered":"<p>Univers\u0101ls.Padoms subgingiv\u0101la zobu aplikuma no\u0146em\u0161anai, furkaoni,<br \/>\nvirsdruku smalkas nos\u0113dumu veido\u0161an\u0101s un plankumu no\u0146em\u0161ana.<\/p>","protected":false},"excerpt":{"rendered":"<p>SKALO\u0160ANA UN PERIO<\/p>","protected":false},"featured_media":5392,"template":"","meta":[],"product_brand":[107],"product_cat":[58,114],"product_tag":[],"class_list":{"0":"post-3185","1":"product","2":"type-product","3":"status-publish","4":"has-post-thumbnail","6":"product_brand-xpedent","7":"product_cat-xpedent","8":"product_cat-hygiene","10":"first","11":"instock","12":"shipping-taxable","13":"purchasable","14":"product-type-simple"},"_links":{"self":[{"href":"https:\/\/goldberg.lv\/lv\/wp-json\/wp\/v2\/product\/3185","targetHints":{"allow":["GET"]}}],"collection":[{"href":"https:\/\/goldberg.lv\/lv\/wp-json\/wp\/v2\/product"}],"about":[{"href":"https:\/\/goldberg.lv\/lv\/wp-json\/wp\/v2\/types\/product"}],"wp:featuredmedia":[{"embeddable":true,"href":"https:\/\/goldberg.lv\/lv\/wp-json\/wp\/v2\/media\/5392"}],"wp:attachment":[{"href":"https:\/\/goldberg.lv\/lv\/wp-json\/wp\/v2\/media?parent=3185"}],"wp:term":[{"taxonomy":"product_brand","embeddable":true,"href":"https:\/\/goldberg.lv\/lv\/wp-json\/wp\/v2\/product_brand?post=3185"},{"taxonomy":"product_cat","embeddable":true,"href":"https:\/\/goldberg.lv\/lv\/wp-json\/wp\/v2\/product_cat?post=3185"},{"taxonomy":"product_tag","embeddable":true,"href":"https:\/\/goldberg.lv\/lv\/wp-json\/wp\/v2\/product_tag?post=3185"}],"curies":[{"name":"wp","href":"https:\/\/api.w.org\/{rel}","templated":true}]}}