{"id":3148,"date":"2025-11-03T15:04:36","date_gmt":"2025-11-03T12:04:36","guid":{"rendered":"https:\/\/goldberg.lv\/shop\/gr-1-330-saddle-contoured-metal-matrices-s-36-pcs-springclip\/"},"modified":"2026-04-15T17:48:42","modified_gmt":"2026-04-15T14:48:42","slug":"gr-1-330-saddle-contoured-metal-matrices-s-36-pcs-springclip","status":"publish","type":"product","link":"https:\/\/goldberg.lv\/lv\/shop\/gr-1-330-saddle-contoured-metal-matrices-s-36-pcs-springclip\/","title":{"rendered":"GR 1.330 Saddle Contoured Metal Matrices s 36 pcs + springclip"},"content":{"rendered":"<h5>Seglu met\u0101la matricas.<br \/>\nUnivers\u0101ls komplekts<\/h5>\n<p>36 gab.:<\/p>\n<p>&nbsp;<\/p>\n<p>mazs \u2116 1.301(1) - 3 gab.,<br \/>\nvid\u0113js \u2116 1.302(1) - 3 gab.,<br \/>\nliels \u2116 1.303(1) - 3 gab.,<br \/>\nmazs \u2116 1.311(1) - 6 gab.,<br \/>\nvid\u0113js \u2116 1.312(1) - 6 gab.,<br \/>\nliels \u2116 1.313(1) - 6 gab.,<br \/>\nmazs \u2116 1.311(2) - 2 gab.,<br \/>\nvid\u0113js \u2116 1.312(2) - 2 gab.,<br \/>\nliels \u2116 1.313(2) - 2 gab.,<br \/>\nmazs \u2116 1.311(3) - 1 gab.,<br \/>\nvid\u0113js \u2116 1.312(3) - 1 gab.,<br \/>\nliels \u2116 1.313(3) - 1 gab.,<br \/>\nmaz\u0101 atsperes skava Nr. 1.003 - 1 gab.<\/p>\n<p>Ir 2 biezumu matricas:<br \/>\n- 0,050 mm<br \/>\n- 0,035 mm<\/p>\n<p>L\u016bdzu, nor\u0101diet nepiecie\u0161amo veidu, piem\u0113ram, 1,330 - 0,035 mm, pret\u0113j\u0101 gad\u012bjum\u0101 sa\u0146emsiet pirm\u0101 veida matrices, t. i., 0,050 mm.<\/p>","protected":false},"excerpt":{"rendered":"<p>Saddle Metal Matrices. Universal Kit 36 pcs.: &nbsp; small \u2116 1.301(1) &#8211; 3 pcs., medium \u2116 1.302(1) &#8211; 3 pcs.,<\/p>","protected":false},"featured_media":5596,"template":"","meta":[],"product_brand":[103],"product_cat":[57,111],"product_tag":[],"class_list":{"0":"post-3148","1":"product","2":"type-product","3":"status-publish","4":"has-post-thumbnail","6":"product_brand-tor","7":"product_cat-tor","8":"product_cat-therapy","10":"first","11":"outofstock","12":"shipping-taxable","13":"purchasable","14":"product-type-simple"},"_links":{"self":[{"href":"https:\/\/goldberg.lv\/lv\/wp-json\/wp\/v2\/product\/3148","targetHints":{"allow":["GET"]}}],"collection":[{"href":"https:\/\/goldberg.lv\/lv\/wp-json\/wp\/v2\/product"}],"about":[{"href":"https:\/\/goldberg.lv\/lv\/wp-json\/wp\/v2\/types\/product"}],"wp:featuredmedia":[{"embeddable":true,"href":"https:\/\/goldberg.lv\/lv\/wp-json\/wp\/v2\/media\/5596"}],"wp:attachment":[{"href":"https:\/\/goldberg.lv\/lv\/wp-json\/wp\/v2\/media?parent=3148"}],"wp:term":[{"taxonomy":"product_brand","embeddable":true,"href":"https:\/\/goldberg.lv\/lv\/wp-json\/wp\/v2\/product_brand?post=3148"},{"taxonomy":"product_cat","embeddable":true,"href":"https:\/\/goldberg.lv\/lv\/wp-json\/wp\/v2\/product_cat?post=3148"},{"taxonomy":"product_tag","embeddable":true,"href":"https:\/\/goldberg.lv\/lv\/wp-json\/wp\/v2\/product_tag?post=3148"}],"curies":[{"name":"wp","href":"https:\/\/api.w.org\/{rel}","templated":true}]}}